{"id":8439,"date":"2023-12-17T13:24:47","date_gmt":"2023-12-17T12:24:47","guid":{"rendered":"https:\/\/circusstudies.com\/?page_id=8439"},"modified":"2024-01-17T09:57:54","modified_gmt":"2024-01-17T08:57:54","slug":"privacy-police","status":"publish","type":"page","link":"https:\/\/circusstudies.com\/fr\/privacy-police\/","title":{"rendered":"Privacy Police"},"content":{"rendered":"<div data-elementor-type=\"wp-page\" data-elementor-id=\"8439\" class=\"elementor elementor-8439\">\n\t\t\t\t\t\t<section class=\"elementor-section elementor-top-section elementor-element elementor-element-7381b83 elementor-section-boxed elementor-section-height-default elementor-section-height-default qodef-elementor-content-no qodef-elementor-stretch-row-no qodef-elementor-overlay-no\" data-id=\"7381b83\" data-element_type=\"section\">\n\t\t\t\t\t\t<div class=\"elementor-container elementor-column-gap-default\">\n\t\t\t\t\t<div class=\"elementor-column elementor-col-100 elementor-top-column elementor-element elementor-element-24f59fc\" data-id=\"24f59fc\" data-element_type=\"column\">\n\t\t\t<div class=\"elementor-widget-wrap elementor-element-populated\">\n\t\t\t\t\t\t<div class=\"elementor-element elementor-element-d365f43 elementor-widget elementor-widget-spacer\" data-id=\"d365f43\" data-element_type=\"widget\" data-widget_type=\"spacer.default\">\n\t\t\t\t<div class=\"elementor-widget-container\">\n\t\t\t<style>\/*! elementor - v3.19.0 - 07-02-2024 *\/\n.elementor-column .elementor-spacer-inner{height:var(--spacer-size)}.e-con{--container-widget-width:100%}.e-con-inner>.elementor-widget-spacer,.e-con>.elementor-widget-spacer{width:var(--container-widget-width,var(--spacer-size));--align-self:var(--container-widget-align-self,initial);--flex-shrink:0}.e-con-inner>.elementor-widget-spacer>.elementor-widget-container,.e-con>.elementor-widget-spacer>.elementor-widget-container{height:100%;width:100%}.e-con-inner>.elementor-widget-spacer>.elementor-widget-container>.elementor-spacer,.e-con>.elementor-widget-spacer>.elementor-widget-container>.elementor-spacer{height:100%}.e-con-inner>.elementor-widget-spacer>.elementor-widget-container>.elementor-spacer>.elementor-spacer-inner,.e-con>.elementor-widget-spacer>.elementor-widget-container>.elementor-spacer>.elementor-spacer-inner{height:var(--container-widget-height,var(--spacer-size))}.e-con-inner>.elementor-widget-spacer.elementor-widget-empty,.e-con>.elementor-widget-spacer.elementor-widget-empty{position:relative;min-height:22px;min-width:22px}.e-con-inner>.elementor-widget-spacer.elementor-widget-empty .elementor-widget-empty-icon,.e-con>.elementor-widget-spacer.elementor-widget-empty .elementor-widget-empty-icon{position:absolute;top:0;bottom:0;left:0;right:0;margin:auto;padding:0;width:22px;height:22px}<\/style>\t\t<div class=\"elementor-spacer\">\n\t\t\t<div class=\"elementor-spacer-inner\"><\/div>\n\t\t<\/div>\n\t\t\t\t<\/div>\n\t\t\t\t<\/div>\n\t\t\t\t\t<\/div>\n\t\t<\/div>\n\t\t\t\t\t<\/div>\n\t\t<\/section>\n\t\t\t\t<section class=\"elementor-section elementor-top-section elementor-element elementor-element-198c737 elementor-section-boxed elementor-section-height-default elementor-section-height-default qodef-elementor-content-no qodef-elementor-stretch-row-no qodef-elementor-overlay-no\" data-id=\"198c737\" data-element_type=\"section\">\n\t\t\t\t\t\t<div class=\"elementor-container elementor-column-gap-default\">\n\t\t\t\t\t<div class=\"elementor-column elementor-col-100 elementor-top-column elementor-element elementor-element-f4aef4b\" data-id=\"f4aef4b\" data-element_type=\"column\">\n\t\t\t<div class=\"elementor-widget-wrap elementor-element-populated\">\n\t\t\t\t\t\t<div class=\"elementor-element elementor-element-b1e676c elementor-widget elementor-widget-heading\" data-id=\"b1e676c\" data-element_type=\"widget\" data-widget_type=\"heading.default\">\n\t\t\t\t<div class=\"elementor-widget-container\">\n\t\t\t<style>\/*! elementor - v3.19.0 - 07-02-2024 *\/\n.elementor-heading-title{padding:0;margin:0;line-height:1}.elementor-widget-heading .elementor-heading-title[class*=elementor-size-]>a{color:inherit;font-size:inherit;line-height:inherit}.elementor-widget-heading .elementor-heading-title.elementor-size-small{font-size:15px}.elementor-widget-heading .elementor-heading-title.elementor-size-medium{font-size:19px}.elementor-widget-heading .elementor-heading-title.elementor-size-large{font-size:29px}.elementor-widget-heading .elementor-heading-title.elementor-size-xl{font-size:39px}.elementor-widget-heading .elementor-heading-title.elementor-size-xxl{font-size:59px}<\/style><h3 class=\"elementor-heading-title elementor-size-default\">Politique de confidentialit\u00e9<\/h3>\t\t<\/div>\n\t\t\t\t<\/div>\n\t\t\t\t\t<\/div>\n\t\t<\/div>\n\t\t\t\t\t<\/div>\n\t\t<\/section>\n\t\t\t\t<section class=\"elementor-section elementor-top-section elementor-element elementor-element-fb0de78 elementor-section-boxed elementor-section-height-default elementor-section-height-default qodef-elementor-content-no qodef-elementor-stretch-row-no qodef-elementor-overlay-no\" data-id=\"fb0de78\" data-element_type=\"section\">\n\t\t\t\t\t\t<div class=\"elementor-container elementor-column-gap-default\">\n\t\t\t\t\t<div class=\"elementor-column elementor-col-100 elementor-top-column elementor-element elementor-element-ed55158\" data-id=\"ed55158\" data-element_type=\"column\">\n\t\t\t<div class=\"elementor-widget-wrap elementor-element-populated\">\n\t\t\t\t\t\t<div class=\"elementor-element elementor-element-7a33678 elementor-widget elementor-widget-text-editor\" data-id=\"7a33678\" data-element_type=\"widget\" data-widget_type=\"text-editor.default\">\n\t\t\t\t<div class=\"elementor-widget-container\">\n\t\t\t<style>\/*! elementor - v3.19.0 - 07-02-2024 *\/\n.elementor-widget-text-editor.elementor-drop-cap-view-stacked .elementor-drop-cap{background-color:#69727d;color:#fff}.elementor-widget-text-editor.elementor-drop-cap-view-framed .elementor-drop-cap{color:#69727d;border:3px solid;background-color:transparent}.elementor-widget-text-editor:not(.elementor-drop-cap-view-default) .elementor-drop-cap{margin-top:8px}.elementor-widget-text-editor:not(.elementor-drop-cap-view-default) .elementor-drop-cap-letter{width:1em;height:1em}.elementor-widget-text-editor .elementor-drop-cap{float:left;text-align:center;line-height:1;font-size:50px}.elementor-widget-text-editor .elementor-drop-cap-letter{display:inline-block}<\/style>\t\t\t\t<div class=\"page\" title=\"Page 2\"><div class=\"section\"><div class=\"layoutArea\"><div class=\"column\"><p>Nous vous remercions de l'int\u00e9r\u00eat que vous portez \u00e0 notre site web. La protection de votre vie priv\u00e9e est tr\u00e8s importante pour nous. Vous trouverez ci-dessous des informations d\u00e9taill\u00e9es sur la mani\u00e8re dont nous traitons vos donn\u00e9es.<\/p><p><strong>Stockage des donn\u00e9es d'acc\u00e8s dans les fichiers journaux du serveur<\/strong><br \/>Vous pouvez visiter notre site web sans fournir d'informations personnelles. Nous n'enregistrons que les donn\u00e9es d'acc\u00e8s dans les fichiers journaux du serveur, telles que le nom du fichier demand\u00e9, la date et l'heure de l'acc\u00e8s, la quantit\u00e9 de donn\u00e9es transf\u00e9r\u00e9es et le fournisseur d'acc\u00e8s. Ces donn\u00e9es sont analys\u00e9es dans le seul but d'assurer le bon fonctionnement du site et d'am\u00e9liorer notre offre, et ne nous permettent pas de tirer des conclusions sur votre personne.<\/p><p><strong>Utilisation de cookies<\/strong><br \/>Afin de rendre la visite de notre site Internet attrayante et de permettre l'utilisation de certaines fonctions, nous utilisons ce que l'on appelle des \"cookies\" sur diff\u00e9rentes pages. Il s'agit de petits fichiers texte qui sont stock\u00e9s sur votre terminal. Certains des cookies que nous utilisons sont supprim\u00e9s \u00e0 la fin de la session de navigation, c'est-\u00e0-dire lorsque vous fermez votre navigateur (cookies de session). D'autres cookies restent sur votre appareil et nous permettent de reconna\u00eetre votre navigateur lors de votre prochaine visite (cookies persistants). Vous pouvez configurer votre navigateur de mani\u00e8re \u00e0 \u00eatre inform\u00e9 de la mise en place de cookies et \u00e0 d\u00e9cider individuellement de les accepter ou d'exclure l'acceptation de cookies dans certains cas ou de mani\u00e8re g\u00e9n\u00e9rale. Si vous n'acceptez pas les cookies, la fonctionnalit\u00e9 de notre site web peut \u00eatre limit\u00e9e.<\/p><p><strong>Utilisation de Google (Universal) Analytics pour l'analyse du web<\/strong><br \/>Ce site utilise Google (Universal) Analytics, un service d'analyse de site internet fourni par Google Inc. (www.google.de). Google (Universal) Analytics utilise des m\u00e9thodes qui permettent d'analyser votre utilisation du site Internet, comme les \"cookies\", des fichiers texte qui sont enregistr\u00e9s sur votre ordinateur. Les informations g\u00e9n\u00e9r\u00e9es sur votre utilisation de ce site web sont g\u00e9n\u00e9ralement transmises \u00e0 un serveur de Google aux Etats-Unis et y sont stock\u00e9es. En activant l'anonymisation de l'adresse IP sur ce site, l'adresse IP est raccourcie avant d'\u00eatre transmise au sein des \u00c9tats membres de l'Union europ\u00e9enne ou dans d'autres \u00c9tats contractants de l'accord sur l'Espace \u00e9conomique europ\u00e9en. Ce n'est que dans des cas exceptionnels que l'adresse IP compl\u00e8te est transmise \u00e0 un serveur de Google aux \u00c9tats-Unis et y est tronqu\u00e9e. L'adresse IP anonymis\u00e9e transmise par votre navigateur dans le cadre de Google Analytics ne sera pas fusionn\u00e9e avec d'autres donn\u00e9es de Google.<\/p><p>Vous pouvez emp\u00eacher la saisie par Google des donn\u00e9es g\u00e9n\u00e9r\u00e9es par le cookie et se rapportant \u00e0 votre utilisation du site web (y compris votre adresse IP) ainsi que le traitement de ces donn\u00e9es par Google en t\u00e9l\u00e9chargeant et en installant le plug-in de navigateur disponible sous le lien suivant : https:\/\/tools.google.com\/dlpage\/gaoptout?hl=de<br \/>Comme alternative au plugin de navigateur, vous pouvez cliquer sur ce lien pour emp\u00eacher Google Analytics de collecter des donn\u00e9es sur ce site web \u00e0 l'avenir. Un cookie de d\u00e9sactivation sera stock\u00e9 sur votre appareil. Si vous supprimez vos cookies, vous devez cliquer \u00e0 nouveau sur le lien.<\/p><p>L'objectif et l'\u00e9tendue de la collecte des donn\u00e9es, le traitement ult\u00e9rieur et l'utilisation des donn\u00e9es par les fournisseurs, ainsi que vos droits \u00e0 cet \u00e9gard et les options de param\u00e9trage pour prot\u00e9ger votre vie priv\u00e9e peuvent \u00eatre trouv\u00e9s dans les avis de protection des donn\u00e9es des fournisseurs.<\/p><p>\u00a0<\/p><p>Avis de confidentialit\u00e9 de Facebook :<br \/><a href=\"http:\/\/www.facebook.com\/policy.php\" target=\"_blank\" rel=\"nofollow noopener noreferrer\">http:\/\/www.facebook.com\/policy.php<\/a><\/p><p>Avis de confidentialit\u00e9 de Google :\u00a0<a href=\"http:\/\/www.google.com\/intl\/de\/+\/policy\/+1button.html\" target=\"_blank\" rel=\"nofollow noopener noreferrer\">http:\/\/www.google.com\/intl\/de\/+\/policy\/+1button.html<\/a><\/p><p>Avis de confidentialit\u00e9 de Instagram :\u00a0<a href=\"https:\/\/help.instagram.com\/155833707900388\/\" target=\"_blank\" rel=\"nofollow noopener noreferrer\">https:\/\/help.instagram.com\/155833707900388\/<\/a><\/p><p>Si vous ne souhaitez pas que Google, Facebook, Twitter ou Instagram attribuent directement les donn\u00e9es collect\u00e9es via notre site web \u00e0 votre profil dans le service concern\u00e9, vous devez vous d\u00e9connecter du service en question avant de visiter notre site web. Vous pouvez \u00e9galement emp\u00eacher compl\u00e8tement le chargement des plug-ins en utilisant des modules compl\u00e9mentaires pour votre navigateur, par exemple le bloqueur de script \"NoScript\" (http:\/\/noscript.net\/).<\/p><p>\u00a0<\/p><\/div><\/div><\/div><\/div>\t\t\t\t\t\t<\/div>\n\t\t\t\t<\/div>\n\t\t\t\t\t<\/div>\n\t\t<\/div>\n\t\t\t\t\t<\/div>\n\t\t<\/section>\n\t\t\t\t<\/div>","protected":false},"excerpt":{"rendered":"<p>Privacy Policy Thank you for your interest in our website. The protection of your privacy is very important to us. Below we inform you in detail about how we handle your data. Storage of access data in server log filesYou can visit our website without providing any personal information. We only store access data in [&hellip;]<\/p>","protected":false},"author":1,"featured_media":0,"parent":0,"menu_order":0,"comment_status":"closed","ping_status":"closed","template":"page-full-width.php","meta":{"footnotes":""},"class_list":["post-8439","page","type-page","status-publish","hentry"],"_links":{"self":[{"href":"https:\/\/circusstudies.com\/fr\/wp-json\/wp\/v2\/pages\/8439","targetHints":{"allow":["GET"]}}],"collection":[{"href":"https:\/\/circusstudies.com\/fr\/wp-json\/wp\/v2\/pages"}],"about":[{"href":"https:\/\/circusstudies.com\/fr\/wp-json\/wp\/v2\/types\/page"}],"author":[{"embeddable":true,"href":"https:\/\/circusstudies.com\/fr\/wp-json\/wp\/v2\/users\/1"}],"replies":[{"embeddable":true,"href":"https:\/\/circusstudies.com\/fr\/wp-json\/wp\/v2\/comments?post=8439"}],"version-history":[{"count":5,"href":"https:\/\/circusstudies.com\/fr\/wp-json\/wp\/v2\/pages\/8439\/revisions"}],"predecessor-version":[{"id":8444,"href":"https:\/\/circusstudies.com\/fr\/wp-json\/wp\/v2\/pages\/8439\/revisions\/8444"}],"wp:attachment":[{"href":"https:\/\/circusstudies.com\/fr\/wp-json\/wp\/v2\/media?parent=8439"}],"curies":[{"name":"wp","href":"https:\/\/api.w.org\/{rel}","templated":true}]}}