{"id":7505,"date":"2023-09-26T22:04:02","date_gmt":"2023-09-26T20:04:02","guid":{"rendered":"http:\/\/h593557.web308.dogado.net\/?page_id=7505"},"modified":"2024-01-17T09:36:09","modified_gmt":"2024-01-17T08:36:09","slug":"academic-and-artistic-research","status":"publish","type":"page","link":"https:\/\/circusstudies.com\/fr\/academic-and-artistic-research\/","title":{"rendered":"Recherche acad\u00e9mique &amp; artistique"},"content":{"rendered":"<div data-elementor-type=\"wp-page\" data-elementor-id=\"7505\" class=\"elementor elementor-7505\">\n\t\t\t\t\t\t<section class=\"elementor-section elementor-top-section elementor-element elementor-element-1647f7b elementor-section-boxed elementor-section-height-default elementor-section-height-default qodef-elementor-content-no qodef-elementor-stretch-row-no qodef-elementor-overlay-no\" data-id=\"1647f7b\" data-element_type=\"section\">\n\t\t\t\t\t\t<div class=\"elementor-container elementor-column-gap-default\">\n\t\t\t\t\t<div class=\"elementor-column elementor-col-100 elementor-top-column elementor-element elementor-element-c99c99f\" data-id=\"c99c99f\" data-element_type=\"column\">\n\t\t\t<div class=\"elementor-widget-wrap elementor-element-populated\">\n\t\t\t\t\t\t<div class=\"elementor-element elementor-element-51b3acb elementor-widget elementor-widget-heading\" data-id=\"51b3acb\" data-element_type=\"widget\" data-widget_type=\"heading.default\">\n\t\t\t\t<div class=\"elementor-widget-container\">\n\t\t\t<style>\/*! elementor - v3.19.0 - 07-02-2024 *\/\n.elementor-heading-title{padding:0;margin:0;line-height:1}.elementor-widget-heading .elementor-heading-title[class*=elementor-size-]>a{color:inherit;font-size:inherit;line-height:inherit}.elementor-widget-heading .elementor-heading-title.elementor-size-small{font-size:15px}.elementor-widget-heading .elementor-heading-title.elementor-size-medium{font-size:19px}.elementor-widget-heading .elementor-heading-title.elementor-size-large{font-size:29px}.elementor-widget-heading .elementor-heading-title.elementor-size-xl{font-size:39px}.elementor-widget-heading .elementor-heading-title.elementor-size-xxl{font-size:59px}<\/style><h2 class=\"elementor-heading-title elementor-size-default\">Recherche acad\u00e9mique et artistique<\/h2>\t\t<\/div>\n\t\t\t\t<\/div>\n\t\t\t\t\t<\/div>\n\t\t<\/div>\n\t\t\t\t\t<\/div>\n\t\t<\/section>\n\t\t\t\t<section class=\"elementor-section elementor-top-section elementor-element elementor-element-0b0fc1d elementor-section-boxed elementor-section-height-default elementor-section-height-default qodef-elementor-content-no qodef-elementor-stretch-row-no qodef-elementor-overlay-no\" data-id=\"0b0fc1d\" data-element_type=\"section\">\n\t\t\t\t\t\t<div class=\"elementor-container elementor-column-gap-default\">\n\t\t\t\t\t<div class=\"elementor-column elementor-col-100 elementor-top-column elementor-element elementor-element-aa31608\" data-id=\"aa31608\" data-element_type=\"column\">\n\t\t\t<div class=\"elementor-widget-wrap elementor-element-populated\">\n\t\t\t\t\t\t<div class=\"elementor-element elementor-element-651407a elementor-widget elementor-widget-qi_addons_for_elementor_blockquote\" data-id=\"651407a\" data-element_type=\"widget\" data-widget_type=\"qi_addons_for_elementor_blockquote.default\">\n\t\t\t\t<div class=\"elementor-widget-container\">\n\t\t\t<div class=\"qodef-shortcode qodef-m  qodef-qi-blockquote qodef-layout--top qodef--icon-pack\">\n\t\t\t<div class=\"qodef-m-icon\">\n\t\t\t<i aria-hidden=\"true\" class=\"fas fa-quote-right\"><\/i>\t\t<\/div>\n\t\t\t\t<h6 class=\"qodef-m-text\">\n\t\t\t\"Le cirque est une forme d'art interstitielle : Entre tradition et innovation, r\u00e9alit\u00e9 et fiction, art et divertissement, humain et plus-que-humain, risque et s\u00e9curit\u00e9, courage et confiance, id\u00e9ologie et critique, normativit\u00e9 et libert\u00e9, diversit\u00e9 et standardisation, corps et discours. Et \u00e0 mon avis, c'est pr\u00e9cis\u00e9ment l\u00e0 que se trouve son immense potentiel pour notre soci\u00e9t\u00e9 contemporaine, notre culture et le d\u00e9veloppement de la connaissance\". - Franziska Trapp\t\t<\/h6>\n\t<\/div>\n\t\t<\/div>\n\t\t\t\t<\/div>\n\t\t\t\t\t<\/div>\n\t\t<\/div>\n\t\t\t\t\t<\/div>\n\t\t<\/section>\n\t\t\t\t<section class=\"elementor-section elementor-top-section elementor-element elementor-element-50f34f0 qodef-elementor-content-grid elementor-section-full_width elementor-section-height-default elementor-section-height-default qodef-elementor-stretch-row-no qodef-elementor-overlay-no\" data-id=\"50f34f0\" data-element_type=\"section\">\n\t\t\t\t\t\t<div class=\"elementor-container elementor-column-gap-custom\">\n\t\t\t\t\t<div class=\"elementor-column elementor-col-100 elementor-top-column elementor-element elementor-element-1cb8d6d\" data-id=\"1cb8d6d\" data-element_type=\"column\">\n\t\t\t<div class=\"elementor-widget-wrap elementor-element-populated\">\n\t\t\t\t\t\t<div class=\"elementor-element elementor-element-0747d5c elementor-widget elementor-widget-zermatt_core_portfolio_list\" data-id=\"0747d5c\" data-element_type=\"widget\" data-widget_type=\"zermatt_core_portfolio_list.default\">\n\t\t\t\t<div class=\"elementor-widget-container\">\n\t\t\t<div class=\"qodef-shortcode qodef-m  qodef-portfolio-list   qodef-item-layout--info-minimal   qodef-grid qodef-layout--columns  qodef-gutter--normal qodef-col-num--3 qodef-item-layout--info-minimal qodef--no-bottom-space qodef-pagination--off qodef-responsive--predefined qodef-hover-animation--overlay-filter\" data-options=\"{&quot;plugin&quot;:&quot;zermatt_core&quot;,&quot;module&quot;:&quot;post-types\\\/portfolio\\\/shortcodes&quot;,&quot;shortcode&quot;:&quot;portfolio-list&quot;,&quot;post_type&quot;:&quot;portfolio-item&quot;,&quot;next_page&quot;:&quot;2&quot;,&quot;max_pages_num&quot;:0,&quot;light_skin&quot;:&quot;no&quot;,&quot;behavior&quot;:&quot;columns&quot;,&quot;images_proportion&quot;:&quot;full&quot;,&quot;columns&quot;:&quot;3&quot;,&quot;columns_responsive&quot;:&quot;predefined&quot;,&quot;space&quot;:&quot;normal&quot;,&quot;posts_per_page&quot;:&quot;-1&quot;,&quot;orderby&quot;:&quot;date&quot;,&quot;order&quot;:&quot;DESC&quot;,&quot;additional_params&quot;:&quot;tax&quot;,&quot;tax&quot;:&quot;portfolio-category&quot;,&quot;tax_slug&quot;:&quot;academic-and-artistic-research&quot;,&quot;layout&quot;:&quot;info-minimal&quot;,&quot;hover_animation_info-minimal&quot;:&quot;overlay-filter&quot;,&quot;title_tag&quot;:&quot;h4&quot;,&quot;custom_padding&quot;:&quot;no&quot;,&quot;pagination_type&quot;:&quot;no-pagination&quot;,&quot;object_class_name&quot;:&quot;ZermattCorePortfolioListShortcode&quot;,&quot;taxonomy_filter&quot;:&quot;portfolio-category&quot;,&quot;additional_query_args&quot;:{&quot;tax_query&quot;:[{&quot;taxonomy&quot;:&quot;portfolio-category&quot;,&quot;field&quot;:&quot;slug&quot;,&quot;terms&quot;:&quot;academic-and-artistic-research&quot;}]},&quot;space_value&quot;:15}\">\n\t\t<div class=\"qodef-grid-inner clear\">\n\t\t<article class=\"qodef-e qodef-grid-item qodef-item--full post-7543 portfolio-item type-portfolio-item status-publish has-post-thumbnail hentry portfolio-category-academic-and-artistic-research\">\n\t<div class=\"qodef-e-inner\" >\n\t\t<div class=\"qodef-e-image\">\n\t\t\t\t\t<div class=\"qodef-e-media-image\">\n\t\t\t<a itemprop=\"url\" href=\"https:\/\/circusstudies.com\/fr\/portfolio-item\/the-non-human-animal-artist\/\"\n\t\t\t\t\t\t\t>\n\t\t\t\t<img fetchpriority=\"high\" decoding=\"async\" width=\"2560\" height=\"1710\" src=\"https:\/\/circusstudies.com\/wp-content\/uploads\/2023\/09\/Benjamin-Leers\ufffdBenda-Film01473_2-scaled.jpg\" class=\"attachment-full size-full wp-post-image\" alt=\"\u00a9 Natan Hansi Alberca. The non-human animal artist. France 2022.\" srcset=\"https:\/\/circusstudies.com\/wp-content\/uploads\/2023\/09\/Benjamin-Leers\ufffdBenda-Film01473_2-scaled.jpg 2560w, https:\/\/circusstudies.com\/wp-content\/uploads\/2023\/09\/Benjamin-Leers\ufffdBenda-Film01473_2-300x200.jpg 300w, https:\/\/circusstudies.com\/wp-content\/uploads\/2023\/09\/Benjamin-Leers\ufffdBenda-Film01473_2-1024x684.jpg 1024w, https:\/\/circusstudies.com\/wp-content\/uploads\/2023\/09\/Benjamin-Leers\ufffdBenda-Film01473_2-768x513.jpg 768w, https:\/\/circusstudies.com\/wp-content\/uploads\/2023\/09\/Benjamin-Leers\ufffdBenda-Film01473_2-1536x1026.jpg 1536w, https:\/\/circusstudies.com\/wp-content\/uploads\/2023\/09\/Benjamin-Leers\ufffdBenda-Film01473_2-2048x1368.jpg 2048w\" sizes=\"(max-width: 2560px) 100vw, 2560px\" \/>\t\t\t<\/a>\n\t\t<\/div>\n\t\t\t<\/div>\n\t\t<div class=\"qodef-e-content\" >\n\t\t\t<h4 itemprop=\"name\" class=\"qodef-e-title entry-title\" >\n\t<a itemprop=\"url\" class=\"qodef-e-title-link\" href=\"https:\/\/circusstudies.com\/fr\/portfolio-item\/the-non-human-animal-artist\/\">\n\t\tThe non-human animal artist\t<\/a>\n<\/h4>\t\t\t<div class=\"qodef-e-info-category\">\n\t\t\t<a itemprop=\"url\" class=\"qodef-e-category\" href=\"https:\/\/circusstudies.com\/fr\/portfolio-category\/academic-and-artistic-research\/\">\n\t\t\tRecherche acad\u00e9mique et artistique\t\t<\/a>\n\t<\/div>\n\t\t<\/div>\n\t<\/div>\n<\/article><article class=\"qodef-e qodef-grid-item qodef-item--full post-7540 portfolio-item type-portfolio-item status-publish has-post-thumbnail hentry portfolio-category-academic-and-artistic-research\">\n\t<div class=\"qodef-e-inner\" >\n\t\t<div class=\"qodef-e-image\">\n\t\t\t\t\t<div class=\"qodef-e-media-image\">\n\t\t\t<a itemprop=\"url\" href=\"https:\/\/circusstudies.com\/fr\/portfolio-item\/from-anthropocentrism-to-new-materialisms\/\"\n\t\t\t\t\t\t\t>\n\t\t\t\t<img decoding=\"async\" width=\"2560\" height=\"1707\" src=\"https:\/\/circusstudies.com\/wp-content\/uploads\/2023\/09\/China-Series-by-Julian-Vogel-Photo-by-Philippe-Deutsch-1-scaled.jpg\" class=\"attachment-full size-full wp-post-image\" alt=\"\u00a9 Philippe Deutsch. Julian Vogel: China Series\" srcset=\"https:\/\/circusstudies.com\/wp-content\/uploads\/2023\/09\/China-Series-by-Julian-Vogel-Photo-by-Philippe-Deutsch-1-scaled.jpg 2560w, https:\/\/circusstudies.com\/wp-content\/uploads\/2023\/09\/China-Series-by-Julian-Vogel-Photo-by-Philippe-Deutsch-1-300x200.jpg 300w, https:\/\/circusstudies.com\/wp-content\/uploads\/2023\/09\/China-Series-by-Julian-Vogel-Photo-by-Philippe-Deutsch-1-1024x683.jpg 1024w, https:\/\/circusstudies.com\/wp-content\/uploads\/2023\/09\/China-Series-by-Julian-Vogel-Photo-by-Philippe-Deutsch-1-768x512.jpg 768w, https:\/\/circusstudies.com\/wp-content\/uploads\/2023\/09\/China-Series-by-Julian-Vogel-Photo-by-Philippe-Deutsch-1-1536x1024.jpg 1536w, https:\/\/circusstudies.com\/wp-content\/uploads\/2023\/09\/China-Series-by-Julian-Vogel-Photo-by-Philippe-Deutsch-1-2048x1365.jpg 2048w\" sizes=\"(max-width: 2560px) 100vw, 2560px\" \/>\t\t\t<\/a>\n\t\t<\/div>\n\t\t\t<\/div>\n\t\t<div class=\"qodef-e-content\" >\n\t\t\t<h4 itemprop=\"name\" class=\"qodef-e-title entry-title\" >\n\t<a itemprop=\"url\" class=\"qodef-e-title-link\" href=\"https:\/\/circusstudies.com\/fr\/portfolio-item\/from-anthropocentrism-to-new-materialisms\/\">\n\t\tDe l'anthropocentrisme au nouveau mat\u00e9rialisme.\t<\/a>\n<\/h4>\t\t\t<div class=\"qodef-e-info-category\">\n\t\t\t<a itemprop=\"url\" class=\"qodef-e-category\" href=\"https:\/\/circusstudies.com\/fr\/portfolio-category\/academic-and-artistic-research\/\">\n\t\t\tRecherche acad\u00e9mique et artistique\t\t<\/a>\n\t<\/div>\n\t\t<\/div>\n\t<\/div>\n<\/article><article class=\"qodef-e qodef-grid-item qodef-item--full post-7539 portfolio-item type-portfolio-item status-publish has-post-thumbnail hentry portfolio-category-academic-and-artistic-research\">\n\t<div class=\"qodef-e-inner\" >\n\t\t<div class=\"qodef-e-image\">\n\t\t\t\t\t<div class=\"qodef-e-media-image\">\n\t\t\t<a itemprop=\"url\" href=\"https:\/\/circusstudies.com\/fr\/portfolio-item\/360-circus\/\"\n\t\t\t\t\t\t\t>\n\t\t\t\t<img decoding=\"async\" width=\"2560\" height=\"1710\" src=\"https:\/\/circusstudies.com\/wp-content\/uploads\/2023\/09\/360Grad-Circus-\u2013-Meaning.-Practice.-Culture-1-scaled.jpg\" class=\"attachment-full size-full wp-post-image\" alt=\"Buch Franziska Trapp - 360\u00b0 Circus\" srcset=\"https:\/\/circusstudies.com\/wp-content\/uploads\/2023\/09\/360Grad-Circus-\u2013-Meaning.-Practice.-Culture-1-scaled.jpg 2560w, https:\/\/circusstudies.com\/wp-content\/uploads\/2023\/09\/360Grad-Circus-\u2013-Meaning.-Practice.-Culture-1-300x200.jpg 300w, https:\/\/circusstudies.com\/wp-content\/uploads\/2023\/09\/360Grad-Circus-\u2013-Meaning.-Practice.-Culture-1-1024x684.jpg 1024w, https:\/\/circusstudies.com\/wp-content\/uploads\/2023\/09\/360Grad-Circus-\u2013-Meaning.-Practice.-Culture-1-768x513.jpg 768w, https:\/\/circusstudies.com\/wp-content\/uploads\/2023\/09\/360Grad-Circus-\u2013-Meaning.-Practice.-Culture-1-1536x1026.jpg 1536w, https:\/\/circusstudies.com\/wp-content\/uploads\/2023\/09\/360Grad-Circus-\u2013-Meaning.-Practice.-Culture-1-2048x1368.jpg 2048w\" sizes=\"(max-width: 2560px) 100vw, 2560px\" \/>\t\t\t<\/a>\n\t\t<\/div>\n\t\t\t<\/div>\n\t\t<div class=\"qodef-e-content\" >\n\t\t\t<h4 itemprop=\"name\" class=\"qodef-e-title entry-title\" >\n\t<a itemprop=\"url\" class=\"qodef-e-title-link\" href=\"https:\/\/circusstudies.com\/fr\/portfolio-item\/360-circus\/\">\n\t\t360\u00b0 Circus \u2013 Meaning. Practice. Culture\t<\/a>\n<\/h4>\t\t\t<div class=\"qodef-e-info-category\">\n\t\t\t<a itemprop=\"url\" class=\"qodef-e-category\" href=\"https:\/\/circusstudies.com\/fr\/portfolio-category\/academic-and-artistic-research\/\">\n\t\t\tRecherche acad\u00e9mique et artistique\t\t<\/a>\n\t<\/div>\n\t\t<\/div>\n\t<\/div>\n<\/article><article class=\"qodef-e qodef-grid-item qodef-item--full post-7538 portfolio-item type-portfolio-item status-publish has-post-thumbnail hentry portfolio-category-academic-and-artistic-research\">\n\t<div class=\"qodef-e-inner\" >\n\t\t<div class=\"qodef-e-image\">\n\t\t\t\t\t<div class=\"qodef-e-media-image\">\n\t\t\t<a itemprop=\"url\" href=\"https:\/\/circusstudies.com\/fr\/portfolio-item\/reading-circus\/\"\n\t\t\t\t\t\t\t>\n\t\t\t\t<img loading=\"lazy\" decoding=\"async\" width=\"2560\" height=\"1710\" src=\"https:\/\/circusstudies.com\/wp-content\/uploads\/2023\/09\/Benjamin-Leers\ufffdBenda-Film01473-scaled.jpg\" class=\"attachment-full size-full wp-post-image\" alt=\"\u00a9 Benjamin Leers: Reading Circus. Universit\u00e4t M\u00fcnster 2019\" srcset=\"https:\/\/circusstudies.com\/wp-content\/uploads\/2023\/09\/Benjamin-Leers\ufffdBenda-Film01473-scaled.jpg 2560w, https:\/\/circusstudies.com\/wp-content\/uploads\/2023\/09\/Benjamin-Leers\ufffdBenda-Film01473-300x200.jpg 300w, https:\/\/circusstudies.com\/wp-content\/uploads\/2023\/09\/Benjamin-Leers\ufffdBenda-Film01473-1024x684.jpg 1024w, https:\/\/circusstudies.com\/wp-content\/uploads\/2023\/09\/Benjamin-Leers\ufffdBenda-Film01473-768x513.jpg 768w, https:\/\/circusstudies.com\/wp-content\/uploads\/2023\/09\/Benjamin-Leers\ufffdBenda-Film01473-1536x1026.jpg 1536w, https:\/\/circusstudies.com\/wp-content\/uploads\/2023\/09\/Benjamin-Leers\ufffdBenda-Film01473-2048x1368.jpg 2048w\" sizes=\"(max-width: 2560px) 100vw, 2560px\" \/>\t\t\t<\/a>\n\t\t<\/div>\n\t\t\t<\/div>\n\t\t<div class=\"qodef-e-content\" >\n\t\t\t<h4 itemprop=\"name\" class=\"qodef-e-title entry-title\" >\n\t<a itemprop=\"url\" class=\"qodef-e-title-link\" href=\"https:\/\/circusstudies.com\/fr\/portfolio-item\/reading-circus\/\">\n\t\tLa dramaturgie entre l\u2018art et la science\t<\/a>\n<\/h4>\t\t\t<div class=\"qodef-e-info-category\">\n\t\t\t<a itemprop=\"url\" class=\"qodef-e-category\" href=\"https:\/\/circusstudies.com\/fr\/portfolio-category\/academic-and-artistic-research\/\">\n\t\t\tRecherche acad\u00e9mique et artistique\t\t<\/a>\n\t<\/div>\n\t\t<\/div>\n\t<\/div>\n<\/article><article class=\"qodef-e qodef-grid-item qodef-item--full post-7514 portfolio-item type-portfolio-item status-publish has-post-thumbnail hentry portfolio-category-academic-and-artistic-research\">\n\t<div class=\"qodef-e-inner\" >\n\t\t<div class=\"qodef-e-image\">\n\t\t\t\t\t<div class=\"qodef-e-media-image\">\n\t\t\t<a itemprop=\"url\" href=\"https:\/\/circusstudies.com\/fr\/portfolio-item\/readings-of-the-contemporary-circus\/\"\n\t\t\t\t\t\t\t>\n\t\t\t\t<img loading=\"lazy\" decoding=\"async\" width=\"2560\" height=\"1710\" src=\"https:\/\/circusstudies.com\/wp-content\/uploads\/2023\/09\/Readings-of-the-Contemporary-Circus-1-scaled.jpg\" class=\"attachment-full size-full wp-post-image\" alt=\"Buch Franziska Trapp - Lekt\u00fcren des Zeitgen\u00f6ssischen Zirkus\" srcset=\"https:\/\/circusstudies.com\/wp-content\/uploads\/2023\/09\/Readings-of-the-Contemporary-Circus-1-scaled.jpg 2560w, https:\/\/circusstudies.com\/wp-content\/uploads\/2023\/09\/Readings-of-the-Contemporary-Circus-1-300x200.jpg 300w, https:\/\/circusstudies.com\/wp-content\/uploads\/2023\/09\/Readings-of-the-Contemporary-Circus-1-1024x684.jpg 1024w, https:\/\/circusstudies.com\/wp-content\/uploads\/2023\/09\/Readings-of-the-Contemporary-Circus-1-768x513.jpg 768w, https:\/\/circusstudies.com\/wp-content\/uploads\/2023\/09\/Readings-of-the-Contemporary-Circus-1-1536x1026.jpg 1536w, https:\/\/circusstudies.com\/wp-content\/uploads\/2023\/09\/Readings-of-the-Contemporary-Circus-1-2048x1368.jpg 2048w\" sizes=\"(max-width: 2560px) 100vw, 2560px\" \/>\t\t\t<\/a>\n\t\t<\/div>\n\t\t\t<\/div>\n\t\t<div class=\"qodef-e-content\" >\n\t\t\t<h4 itemprop=\"name\" class=\"qodef-e-title entry-title\" >\n\t<a itemprop=\"url\" class=\"qodef-e-title-link\" href=\"https:\/\/circusstudies.com\/fr\/portfolio-item\/readings-of-the-contemporary-circus\/\">\n\t\tLectures du cirque contemporain\t<\/a>\n<\/h4>\t\t\t<div class=\"qodef-e-info-category\">\n\t\t\t<a itemprop=\"url\" class=\"qodef-e-category\" href=\"https:\/\/circusstudies.com\/fr\/portfolio-category\/academic-and-artistic-research\/\">\n\t\t\tRecherche acad\u00e9mique et artistique\t\t<\/a>\n\t<\/div>\n\t\t<\/div>\n\t<\/div>\n<\/article><article class=\"qodef-e qodef-grid-item qodef-item--full post-8304 portfolio-item type-portfolio-item status-publish has-post-thumbnail hentry portfolio-category-academic-and-artistic-research portfolio-category-conferences portfolio-category-network-and-exchange portfolio-category-teaching-and-transfer\">\n\t<div class=\"qodef-e-inner\" >\n\t\t<div class=\"qodef-e-image\">\n\t\t\t\t\t<div class=\"qodef-e-media-image\">\n\t\t\t<a itemprop=\"url\" href=\"https:\/\/circusstudies.com\/fr\/portfolio-item\/more-to-come\/\"\n\t\t\t\t\t\t\t>\n\t\t\t\t<img loading=\"lazy\" decoding=\"async\" width=\"1620\" height=\"1080\" src=\"https:\/\/circusstudies.com\/wp-content\/uploads\/2023\/12\/more-to-come.jpg\" class=\"attachment-full size-full wp-post-image\" alt=\"\" srcset=\"https:\/\/circusstudies.com\/wp-content\/uploads\/2023\/12\/more-to-come.jpg 1620w, https:\/\/circusstudies.com\/wp-content\/uploads\/2023\/12\/more-to-come-300x200.jpg 300w, https:\/\/circusstudies.com\/wp-content\/uploads\/2023\/12\/more-to-come-1024x683.jpg 1024w, https:\/\/circusstudies.com\/wp-content\/uploads\/2023\/12\/more-to-come-768x512.jpg 768w, https:\/\/circusstudies.com\/wp-content\/uploads\/2023\/12\/more-to-come-1536x1024.jpg 1536w, https:\/\/circusstudies.com\/wp-content\/uploads\/2023\/12\/more-to-come-18x12.jpg 18w\" sizes=\"(max-width: 1620px) 100vw, 1620px\" \/>\t\t\t<\/a>\n\t\t<\/div>\n\t\t\t<\/div>\n\t\t<div class=\"qodef-e-content\" >\n\t\t\t<h4 itemprop=\"name\" class=\"qodef-e-title entry-title\" >\n\t<a itemprop=\"url\" class=\"qodef-e-title-link\" href=\"https:\/\/circusstudies.com\/fr\/portfolio-item\/more-to-come\/\">\n\t\tPlus \u00e0 venir\t<\/a>\n<\/h4>\t\t\t<div class=\"qodef-e-info-category\">\n\t\t\t<a itemprop=\"url\" class=\"qodef-e-category\" href=\"https:\/\/circusstudies.com\/fr\/portfolio-category\/academic-and-artistic-research\/\">\n\t\t\tRecherche acad\u00e9mique et artistique\t\t<\/a>\n\t\t\t<a itemprop=\"url\" class=\"qodef-e-category\" href=\"https:\/\/circusstudies.com\/fr\/portfolio-category\/conferences\/\">\n\t\t\tColloques et panels\t\t<\/a>\n\t\t\t<a itemprop=\"url\" class=\"qodef-e-category\" href=\"https:\/\/circusstudies.com\/fr\/portfolio-category\/network-and-exchange\/\">\n\t\t\tR\u00e9seau et \u00e9change\t\t<\/a>\n\t\t\t<a itemprop=\"url\" class=\"qodef-e-category\" href=\"https:\/\/circusstudies.com\/fr\/portfolio-category\/teaching-and-transfer\/\">\n\t\t\tEnseignement et transfert\t\t<\/a>\n\t<\/div>\n\t\t<\/div>\n\t<\/div>\n<\/article>\t<\/div>\n\t<\/div>\t\t<\/div>\n\t\t\t\t<\/div>\n\t\t\t\t\t<\/div>\n\t\t<\/div>\n\t\t\t\t\t<\/div>\n\t\t<\/section>\n\t\t\t\t<\/div>","protected":false},"excerpt":{"rendered":"<p>Academic and Artistic Research Circus is an interstitial artform: Between tradition and innovation, reality and fiction, art and entertainment, human and more-than-human, risk and safety, courage and trust, ideology and critique, normativity and freedom, diversity and standardization, body and discourse. And in my opinion, this is precisely where its immense potential for our contemporary society, [&hellip;]<\/p>","protected":false},"author":1,"featured_media":0,"parent":0,"menu_order":0,"comment_status":"closed","ping_status":"closed","template":"page-full-width.php","meta":{"footnotes":""},"class_list":["post-7505","page","type-page","status-publish","hentry"],"_links":{"self":[{"href":"https:\/\/circusstudies.com\/fr\/wp-json\/wp\/v2\/pages\/7505","targetHints":{"allow":["GET"]}}],"collection":[{"href":"https:\/\/circusstudies.com\/fr\/wp-json\/wp\/v2\/pages"}],"about":[{"href":"https:\/\/circusstudies.com\/fr\/wp-json\/wp\/v2\/types\/page"}],"author":[{"embeddable":true,"href":"https:\/\/circusstudies.com\/fr\/wp-json\/wp\/v2\/users\/1"}],"replies":[{"embeddable":true,"href":"https:\/\/circusstudies.com\/fr\/wp-json\/wp\/v2\/comments?post=7505"}],"version-history":[{"count":44,"href":"https:\/\/circusstudies.com\/fr\/wp-json\/wp\/v2\/pages\/7505\/revisions"}],"predecessor-version":[{"id":8531,"href":"https:\/\/circusstudies.com\/fr\/wp-json\/wp\/v2\/pages\/7505\/revisions\/8531"}],"wp:attachment":[{"href":"https:\/\/circusstudies.com\/fr\/wp-json\/wp\/v2\/media?parent=7505"}],"curies":[{"name":"wp","href":"https:\/\/api.w.org\/{rel}","templated":true}]}}