{"id":7753,"date":"2023-12-01T16:30:36","date_gmt":"2023-12-01T15:30:36","guid":{"rendered":"http:\/\/h593557.web308.dogado.net\/?page_id=7753"},"modified":"2024-01-17T09:45:22","modified_gmt":"2024-01-17T08:45:22","slug":"conferences-and-panels","status":"publish","type":"page","link":"https:\/\/circusstudies.com\/de\/conferences-and-panels\/","title":{"rendered":"Konferenzen &amp; Panels"},"content":{"rendered":"<div data-elementor-type=\"wp-page\" data-elementor-id=\"7753\" class=\"elementor elementor-7753\">\n\t\t\t\t\t\t<section class=\"elementor-section elementor-top-section elementor-element elementor-element-1647f7b elementor-section-boxed elementor-section-height-default elementor-section-height-default qodef-elementor-content-no qodef-elementor-stretch-row-no qodef-elementor-overlay-no\" data-id=\"1647f7b\" data-element_type=\"section\">\n\t\t\t\t\t\t<div class=\"elementor-container elementor-column-gap-default\">\n\t\t\t\t\t<div class=\"elementor-column elementor-col-100 elementor-top-column elementor-element elementor-element-c99c99f\" data-id=\"c99c99f\" data-element_type=\"column\">\n\t\t\t<div class=\"elementor-widget-wrap elementor-element-populated\">\n\t\t\t\t\t\t<div class=\"elementor-element elementor-element-51b3acb elementor-widget elementor-widget-heading\" data-id=\"51b3acb\" data-element_type=\"widget\" data-widget_type=\"heading.default\">\n\t\t\t\t<div class=\"elementor-widget-container\">\n\t\t\t<style>\/*! elementor - v3.19.0 - 07-02-2024 *\/\n.elementor-heading-title{padding:0;margin:0;line-height:1}.elementor-widget-heading .elementor-heading-title[class*=elementor-size-]>a{color:inherit;font-size:inherit;line-height:inherit}.elementor-widget-heading .elementor-heading-title.elementor-size-small{font-size:15px}.elementor-widget-heading .elementor-heading-title.elementor-size-medium{font-size:19px}.elementor-widget-heading .elementor-heading-title.elementor-size-large{font-size:29px}.elementor-widget-heading .elementor-heading-title.elementor-size-xl{font-size:39px}.elementor-widget-heading .elementor-heading-title.elementor-size-xxl{font-size:59px}<\/style><h2 class=\"elementor-heading-title elementor-size-default\">Conferences and Panels<\/h2>\t\t<\/div>\n\t\t\t\t<\/div>\n\t\t\t\t\t<\/div>\n\t\t<\/div>\n\t\t\t\t\t<\/div>\n\t\t<\/section>\n\t\t\t\t<section class=\"elementor-section elementor-top-section elementor-element elementor-element-17bf32c elementor-section-boxed elementor-section-height-default elementor-section-height-default qodef-elementor-content-no qodef-elementor-stretch-row-no qodef-elementor-overlay-no\" data-id=\"17bf32c\" data-element_type=\"section\">\n\t\t\t\t\t\t<div class=\"elementor-container elementor-column-gap-default\">\n\t\t\t\t\t<div class=\"elementor-column elementor-col-100 elementor-top-column elementor-element elementor-element-7e5e110\" data-id=\"7e5e110\" data-element_type=\"column\">\n\t\t\t<div class=\"elementor-widget-wrap elementor-element-populated\">\n\t\t\t\t\t\t<div class=\"elementor-element elementor-element-181b16a elementor-widget elementor-widget-qi_addons_for_elementor_blockquote\" data-id=\"181b16a\" data-element_type=\"widget\" data-widget_type=\"qi_addons_for_elementor_blockquote.default\">\n\t\t\t\t<div class=\"elementor-widget-container\">\n\t\t\t<div class=\"qodef-shortcode qodef-m  qodef-qi-blockquote qodef-layout--top qodef--icon-pack\">\n\t\t\t<div class=\"qodef-m-icon\">\n\t\t\t<i aria-hidden=\"true\" class=\"fas fa-quote-right\"><\/i>\t\t<\/div>\n\t\t\t\t<h6 class=\"qodef-m-text\">\n\t\t\tAlle Konferenzen finden in Zusammenarbeit mit Partnern aus der Zirkuspraxis statt, sei es in Kooperation mit Compagnien, Artist*innen oder Spielst\u00e4tten. Die Konferenzen an der Universit\u00e4t M\u00fcnster wurden beispielsweise im Zelt des Cirque Bouffon vor dem Hauptgeb\u00e4ude der Universit\u00e4t abgehalten, um die Wechselbeziehung von Praxis und Reflexion auch r\u00e4umlich zu visualisieren.\t\t<\/h6>\n\t<\/div>\n\t\t<\/div>\n\t\t\t\t<\/div>\n\t\t\t\t\t<\/div>\n\t\t<\/div>\n\t\t\t\t\t<\/div>\n\t\t<\/section>\n\t\t\t\t<section class=\"elementor-section elementor-top-section elementor-element elementor-element-50f34f0 qodef-elementor-content-grid elementor-section-full_width elementor-section-height-default elementor-section-height-default qodef-elementor-stretch-row-no qodef-elementor-overlay-no\" data-id=\"50f34f0\" data-element_type=\"section\">\n\t\t\t\t\t\t<div class=\"elementor-container elementor-column-gap-custom\">\n\t\t\t\t\t<div class=\"elementor-column elementor-col-100 elementor-top-column elementor-element elementor-element-1cb8d6d\" data-id=\"1cb8d6d\" data-element_type=\"column\">\n\t\t\t<div class=\"elementor-widget-wrap elementor-element-populated\">\n\t\t\t\t\t\t<div class=\"elementor-element elementor-element-0747d5c elementor-widget elementor-widget-zermatt_core_portfolio_list\" data-id=\"0747d5c\" data-element_type=\"widget\" data-widget_type=\"zermatt_core_portfolio_list.default\">\n\t\t\t\t<div class=\"elementor-widget-container\">\n\t\t\t<div class=\"qodef-shortcode qodef-m  qodef-portfolio-list   qodef-item-layout--info-minimal   qodef-grid qodef-layout--columns  qodef-gutter--normal qodef-col-num--3 qodef-item-layout--info-minimal qodef--no-bottom-space qodef-pagination--off qodef-responsive--predefined qodef-hover-animation--overlay-filter\" data-options=\"{&quot;plugin&quot;:&quot;zermatt_core&quot;,&quot;module&quot;:&quot;post-types\\\/portfolio\\\/shortcodes&quot;,&quot;shortcode&quot;:&quot;portfolio-list&quot;,&quot;post_type&quot;:&quot;portfolio-item&quot;,&quot;next_page&quot;:&quot;2&quot;,&quot;max_pages_num&quot;:0,&quot;light_skin&quot;:&quot;no&quot;,&quot;behavior&quot;:&quot;columns&quot;,&quot;images_proportion&quot;:&quot;full&quot;,&quot;columns&quot;:&quot;3&quot;,&quot;columns_responsive&quot;:&quot;predefined&quot;,&quot;space&quot;:&quot;normal&quot;,&quot;posts_per_page&quot;:&quot;-1&quot;,&quot;orderby&quot;:&quot;date&quot;,&quot;order&quot;:&quot;DESC&quot;,&quot;additional_params&quot;:&quot;tax&quot;,&quot;tax&quot;:&quot;portfolio-category&quot;,&quot;tax_slug&quot;:&quot;conferences&quot;,&quot;layout&quot;:&quot;info-minimal&quot;,&quot;hover_animation_info-minimal&quot;:&quot;overlay-filter&quot;,&quot;title_tag&quot;:&quot;h4&quot;,&quot;custom_padding&quot;:&quot;no&quot;,&quot;pagination_type&quot;:&quot;no-pagination&quot;,&quot;object_class_name&quot;:&quot;ZermattCorePortfolioListShortcode&quot;,&quot;taxonomy_filter&quot;:&quot;portfolio-category&quot;,&quot;additional_query_args&quot;:{&quot;tax_query&quot;:[{&quot;taxonomy&quot;:&quot;portfolio-category&quot;,&quot;field&quot;:&quot;slug&quot;,&quot;terms&quot;:&quot;conferences&quot;}]},&quot;space_value&quot;:15}\">\n\t\t<div class=\"qodef-grid-inner clear\">\n\t\t<article class=\"qodef-e qodef-grid-item qodef-item--full post-8571 portfolio-item type-portfolio-item status-publish has-post-thumbnail hentry portfolio-category-conferences\">\n\t<div class=\"qodef-e-inner\" >\n\t\t<div class=\"qodef-e-image\">\n\t\t\t\t\t<div class=\"qodef-e-media-image\">\n\t\t\t<a itemprop=\"url\" href=\"https:\/\/circusstudies.com\/de\/portfolio-item\/new-circus-new-architectures-2024\/\"\n\t\t\t\t\t\t\t>\n\t\t\t\t<img fetchpriority=\"high\" decoding=\"async\" width=\"1620\" height=\"1080\" src=\"https:\/\/circusstudies.com\/wp-content\/uploads\/2023\/12\/2-copy-Arnaud-Pamalio-Atelier-MW.jpg\" class=\"attachment-full size-full wp-post-image\" alt=\"\u00a9 Arnaud Pamalio. Le Cirque. Latitude 50. Belgium 2023\" srcset=\"https:\/\/circusstudies.com\/wp-content\/uploads\/2023\/12\/2-copy-Arnaud-Pamalio-Atelier-MW.jpg 1620w, https:\/\/circusstudies.com\/wp-content\/uploads\/2023\/12\/2-copy-Arnaud-Pamalio-Atelier-MW-300x200.jpg 300w, https:\/\/circusstudies.com\/wp-content\/uploads\/2023\/12\/2-copy-Arnaud-Pamalio-Atelier-MW-1024x683.jpg 1024w, https:\/\/circusstudies.com\/wp-content\/uploads\/2023\/12\/2-copy-Arnaud-Pamalio-Atelier-MW-768x512.jpg 768w, https:\/\/circusstudies.com\/wp-content\/uploads\/2023\/12\/2-copy-Arnaud-Pamalio-Atelier-MW-1536x1024.jpg 1536w, https:\/\/circusstudies.com\/wp-content\/uploads\/2023\/12\/2-copy-Arnaud-Pamalio-Atelier-MW-18x12.jpg 18w\" sizes=\"(max-width: 1620px) 100vw, 1620px\" \/>\t\t\t<\/a>\n\t\t<\/div>\n\t\t\t<\/div>\n\t\t<div class=\"qodef-e-content\" >\n\t\t\t<h4 itemprop=\"name\" class=\"qodef-e-title entry-title\" >\n\t<a itemprop=\"url\" class=\"qodef-e-title-link\" href=\"https:\/\/circusstudies.com\/de\/portfolio-item\/new-circus-new-architectures-2024\/\">\n\t\tNew Circus. New Architectures? | 2024\t<\/a>\n<\/h4>\t\t\t<div class=\"qodef-e-info-category\">\n\t\t\t<a itemprop=\"url\" class=\"qodef-e-category\" href=\"https:\/\/circusstudies.com\/de\/portfolio-category\/conferences\/\">\n\t\t\tKonferenzen &amp; Panels\t\t<\/a>\n\t<\/div>\n\t\t<\/div>\n\t<\/div>\n<\/article><article class=\"qodef-e qodef-grid-item qodef-item--full post-7804 portfolio-item type-portfolio-item status-publish has-post-thumbnail hentry portfolio-category-conferences\">\n\t<div class=\"qodef-e-inner\" >\n\t\t<div class=\"qodef-e-image\">\n\t\t\t\t\t<div class=\"qodef-e-media-image\">\n\t\t\t<a itemprop=\"url\" href=\"https:\/\/circusstudies.com\/de\/portfolio-item\/immersion-remediation-revolution-digital-performance-2024\/\"\n\t\t\t\t\t\t\t>\n\t\t\t\t<img decoding=\"async\" width=\"1619\" height=\"1078\" src=\"https:\/\/circusstudies.com\/wp-content\/uploads\/2023\/12\/Capture-decran-2019-05-02-a-15.56.14-e1701873411718.jpg\" class=\"attachment-full size-full wp-post-image\" alt=\"\u00a9 Charl\u00e8ne Dray. Cie Hors Syst\u00e8mes\" srcset=\"https:\/\/circusstudies.com\/wp-content\/uploads\/2023\/12\/Capture-decran-2019-05-02-a-15.56.14-e1701873411718.jpg 1619w, https:\/\/circusstudies.com\/wp-content\/uploads\/2023\/12\/Capture-decran-2019-05-02-a-15.56.14-e1701873411718-300x200.jpg 300w, https:\/\/circusstudies.com\/wp-content\/uploads\/2023\/12\/Capture-decran-2019-05-02-a-15.56.14-e1701873411718-1024x682.jpg 1024w, https:\/\/circusstudies.com\/wp-content\/uploads\/2023\/12\/Capture-decran-2019-05-02-a-15.56.14-e1701873411718-768x511.jpg 768w, https:\/\/circusstudies.com\/wp-content\/uploads\/2023\/12\/Capture-decran-2019-05-02-a-15.56.14-e1701873411718-1536x1023.jpg 1536w, https:\/\/circusstudies.com\/wp-content\/uploads\/2023\/12\/Capture-decran-2019-05-02-a-15.56.14-e1701873411718-18x12.jpg 18w\" sizes=\"(max-width: 1619px) 100vw, 1619px\" \/>\t\t\t<\/a>\n\t\t<\/div>\n\t\t\t<\/div>\n\t\t<div class=\"qodef-e-content\" >\n\t\t\t<h4 itemprop=\"name\" class=\"qodef-e-title entry-title\" >\n\t<a itemprop=\"url\" class=\"qodef-e-title-link\" href=\"https:\/\/circusstudies.com\/de\/portfolio-item\/immersion-remediation-revolution-digital-performance-2024\/\">\n\t\tImmersion. Remediation. Revolution \u2013 Digital (&#038;) Performance | 2024\t<\/a>\n<\/h4>\t\t\t<div class=\"qodef-e-info-category\">\n\t\t\t<a itemprop=\"url\" class=\"qodef-e-category\" href=\"https:\/\/circusstudies.com\/de\/portfolio-category\/conferences\/\">\n\t\t\tKonferenzen &amp; Panels\t\t<\/a>\n\t<\/div>\n\t\t<\/div>\n\t<\/div>\n<\/article><article class=\"qodef-e qodef-grid-item qodef-item--full post-7800 portfolio-item type-portfolio-item status-publish has-post-thumbnail hentry portfolio-category-conferences\">\n\t<div class=\"qodef-e-inner\" >\n\t\t<div class=\"qodef-e-image\">\n\t\t\t\t\t<div class=\"qodef-e-media-image\">\n\t\t\t<a itemprop=\"url\" href=\"https:\/\/circusstudies.com\/de\/portfolio-item\/the-irrelevance-of-semiotics-transformations-in-the-performative-arts-2021\/\"\n\t\t\t\t\t\t\t>\n\t\t\t\t<img decoding=\"async\" width=\"1619\" height=\"1080\" src=\"https:\/\/circusstudies.com\/wp-content\/uploads\/2023\/12\/Runners-Teaser_Moment-1-e1701873448888.jpg\" class=\"attachment-full size-full wp-post-image\" alt=\"\u00a9 Hipanna \/ Maleta. Runners\" srcset=\"https:\/\/circusstudies.com\/wp-content\/uploads\/2023\/12\/Runners-Teaser_Moment-1-e1701873448888.jpg 1619w, https:\/\/circusstudies.com\/wp-content\/uploads\/2023\/12\/Runners-Teaser_Moment-1-e1701873448888-300x200.jpg 300w, https:\/\/circusstudies.com\/wp-content\/uploads\/2023\/12\/Runners-Teaser_Moment-1-e1701873448888-1024x683.jpg 1024w, https:\/\/circusstudies.com\/wp-content\/uploads\/2023\/12\/Runners-Teaser_Moment-1-e1701873448888-768x512.jpg 768w, https:\/\/circusstudies.com\/wp-content\/uploads\/2023\/12\/Runners-Teaser_Moment-1-e1701873448888-1536x1025.jpg 1536w, https:\/\/circusstudies.com\/wp-content\/uploads\/2023\/12\/Runners-Teaser_Moment-1-e1701873448888-18x12.jpg 18w\" sizes=\"(max-width: 1619px) 100vw, 1619px\" \/>\t\t\t<\/a>\n\t\t<\/div>\n\t\t\t<\/div>\n\t\t<div class=\"qodef-e-content\" >\n\t\t\t<h4 itemprop=\"name\" class=\"qodef-e-title entry-title\" >\n\t<a itemprop=\"url\" class=\"qodef-e-title-link\" href=\"https:\/\/circusstudies.com\/de\/portfolio-item\/the-irrelevance-of-semiotics-transformations-in-the-performative-arts-2021\/\">\n\t\tZur (Ir)relevanz der Semiotik. Transformationen in den performativen K\u00fcnsten | 2021\t<\/a>\n<\/h4>\t\t\t<div class=\"qodef-e-info-category\">\n\t\t\t<a itemprop=\"url\" class=\"qodef-e-category\" href=\"https:\/\/circusstudies.com\/de\/portfolio-category\/conferences\/\">\n\t\t\tKonferenzen &amp; Panels\t\t<\/a>\n\t<\/div>\n\t\t<\/div>\n\t<\/div>\n<\/article><article class=\"qodef-e qodef-grid-item qodef-item--full post-7799 portfolio-item type-portfolio-item status-publish has-post-thumbnail hentry portfolio-category-conferences\">\n\t<div class=\"qodef-e-inner\" >\n\t\t<div class=\"qodef-e-image\">\n\t\t\t\t\t<div class=\"qodef-e-media-image\">\n\t\t\t<a itemprop=\"url\" href=\"https:\/\/circusstudies.com\/de\/portfolio-item\/ecrire-lhistoire-du-cirque-2021\/\"\n\t\t\t\t\t\t\t>\n\t\t\t\t<img loading=\"lazy\" decoding=\"async\" width=\"1620\" height=\"1080\" src=\"https:\/\/circusstudies.com\/wp-content\/uploads\/2023\/12\/circusandspace_34-teaser-2.jpg\" class=\"attachment-full size-full wp-post-image\" alt=\"\" srcset=\"https:\/\/circusstudies.com\/wp-content\/uploads\/2023\/12\/circusandspace_34-teaser-2.jpg 1620w, https:\/\/circusstudies.com\/wp-content\/uploads\/2023\/12\/circusandspace_34-teaser-2-300x200.jpg 300w, https:\/\/circusstudies.com\/wp-content\/uploads\/2023\/12\/circusandspace_34-teaser-2-1024x683.jpg 1024w, https:\/\/circusstudies.com\/wp-content\/uploads\/2023\/12\/circusandspace_34-teaser-2-768x512.jpg 768w, https:\/\/circusstudies.com\/wp-content\/uploads\/2023\/12\/circusandspace_34-teaser-2-1536x1024.jpg 1536w, https:\/\/circusstudies.com\/wp-content\/uploads\/2023\/12\/circusandspace_34-teaser-2-18x12.jpg 18w\" sizes=\"(max-width: 1620px) 100vw, 1620px\" \/>\t\t\t<\/a>\n\t\t<\/div>\n\t\t\t<\/div>\n\t\t<div class=\"qodef-e-content\" >\n\t\t\t<h4 itemprop=\"name\" class=\"qodef-e-title entry-title\" >\n\t<a itemprop=\"url\" class=\"qodef-e-title-link\" href=\"https:\/\/circusstudies.com\/de\/portfolio-item\/ecrire-lhistoire-du-cirque-2021\/\">\n\t\tEcrire l\u2019histoire du Cirque | 2021\t<\/a>\n<\/h4>\t\t\t<div class=\"qodef-e-info-category\">\n\t\t\t<a itemprop=\"url\" class=\"qodef-e-category\" href=\"https:\/\/circusstudies.com\/de\/portfolio-category\/conferences\/\">\n\t\t\tKonferenzen &amp; Panels\t\t<\/a>\n\t<\/div>\n\t\t<\/div>\n\t<\/div>\n<\/article><article class=\"qodef-e qodef-grid-item qodef-item--full post-7797 portfolio-item type-portfolio-item status-publish has-post-thumbnail hentry portfolio-category-conferences\">\n\t<div class=\"qodef-e-inner\" >\n\t\t<div class=\"qodef-e-image\">\n\t\t\t\t\t<div class=\"qodef-e-media-image\">\n\t\t\t<a itemprop=\"url\" href=\"https:\/\/circusstudies.com\/de\/portfolio-item\/semaine-du-cirque-2020\/\"\n\t\t\t\t\t\t\t>\n\t\t\t\t<img loading=\"lazy\" decoding=\"async\" width=\"1620\" height=\"1080\" src=\"https:\/\/circusstudies.com\/wp-content\/uploads\/2023\/12\/Semaine-du-Cirque-Copyright-Benjamin-Leers.jpg\" class=\"attachment-full size-full wp-post-image\" alt=\"\" srcset=\"https:\/\/circusstudies.com\/wp-content\/uploads\/2023\/12\/Semaine-du-Cirque-Copyright-Benjamin-Leers.jpg 1620w, https:\/\/circusstudies.com\/wp-content\/uploads\/2023\/12\/Semaine-du-Cirque-Copyright-Benjamin-Leers-300x200.jpg 300w, https:\/\/circusstudies.com\/wp-content\/uploads\/2023\/12\/Semaine-du-Cirque-Copyright-Benjamin-Leers-1024x683.jpg 1024w, https:\/\/circusstudies.com\/wp-content\/uploads\/2023\/12\/Semaine-du-Cirque-Copyright-Benjamin-Leers-768x512.jpg 768w, https:\/\/circusstudies.com\/wp-content\/uploads\/2023\/12\/Semaine-du-Cirque-Copyright-Benjamin-Leers-1536x1024.jpg 1536w, https:\/\/circusstudies.com\/wp-content\/uploads\/2023\/12\/Semaine-du-Cirque-Copyright-Benjamin-Leers-18x12.jpg 18w\" sizes=\"(max-width: 1620px) 100vw, 1620px\" \/>\t\t\t<\/a>\n\t\t<\/div>\n\t\t\t<\/div>\n\t\t<div class=\"qodef-e-content\" >\n\t\t\t<h4 itemprop=\"name\" class=\"qodef-e-title entry-title\" >\n\t<a itemprop=\"url\" class=\"qodef-e-title-link\" href=\"https:\/\/circusstudies.com\/de\/portfolio-item\/semaine-du-cirque-2020\/\">\n\t\tSemaine du Cirque | 2020\t<\/a>\n<\/h4>\t\t\t<div class=\"qodef-e-info-category\">\n\t\t\t<a itemprop=\"url\" class=\"qodef-e-category\" href=\"https:\/\/circusstudies.com\/de\/portfolio-category\/conferences\/\">\n\t\t\tKonferenzen &amp; Panels\t\t<\/a>\n\t<\/div>\n\t\t<\/div>\n\t<\/div>\n<\/article><article class=\"qodef-e qodef-grid-item qodef-item--full post-7795 portfolio-item type-portfolio-item status-publish has-post-thumbnail hentry portfolio-category-conferences\">\n\t<div class=\"qodef-e-inner\" >\n\t\t<div class=\"qodef-e-image\">\n\t\t\t\t\t<div class=\"qodef-e-media-image\">\n\t\t\t<a itemprop=\"url\" href=\"https:\/\/circusstudies.com\/de\/portfolio-item\/science-communication-becoming-more-colorful-becoming-more-important-2018\/\"\n\t\t\t\t\t\t\t>\n\t\t\t\t<img loading=\"lazy\" decoding=\"async\" width=\"1574\" height=\"1049\" src=\"https:\/\/circusstudies.com\/wp-content\/uploads\/2023\/12\/science_communication-teaser.jpg\" class=\"attachment-full size-full wp-post-image\" alt=\"\" srcset=\"https:\/\/circusstudies.com\/wp-content\/uploads\/2023\/12\/science_communication-teaser.jpg 1574w, https:\/\/circusstudies.com\/wp-content\/uploads\/2023\/12\/science_communication-teaser-300x200.jpg 300w, https:\/\/circusstudies.com\/wp-content\/uploads\/2023\/12\/science_communication-teaser-1024x682.jpg 1024w, https:\/\/circusstudies.com\/wp-content\/uploads\/2023\/12\/science_communication-teaser-768x512.jpg 768w, https:\/\/circusstudies.com\/wp-content\/uploads\/2023\/12\/science_communication-teaser-1536x1024.jpg 1536w, https:\/\/circusstudies.com\/wp-content\/uploads\/2023\/12\/science_communication-teaser-18x12.jpg 18w\" sizes=\"(max-width: 1574px) 100vw, 1574px\" \/>\t\t\t<\/a>\n\t\t<\/div>\n\t\t\t<\/div>\n\t\t<div class=\"qodef-e-content\" >\n\t\t\t<h4 itemprop=\"name\" class=\"qodef-e-title entry-title\" >\n\t<a itemprop=\"url\" class=\"qodef-e-title-link\" href=\"https:\/\/circusstudies.com\/de\/portfolio-item\/science-communication-becoming-more-colorful-becoming-more-important-2018\/\">\n\t\tWissenschaftskommunikation | 2018\t<\/a>\n<\/h4>\t\t\t<div class=\"qodef-e-info-category\">\n\t\t\t<a itemprop=\"url\" class=\"qodef-e-category\" href=\"https:\/\/circusstudies.com\/de\/portfolio-category\/conferences\/\">\n\t\t\tKonferenzen &amp; Panels\t\t<\/a>\n\t<\/div>\n\t\t<\/div>\n\t<\/div>\n<\/article><article class=\"qodef-e qodef-grid-item qodef-item--full post-7785 portfolio-item type-portfolio-item status-publish has-post-thumbnail hentry portfolio-category-conferences\">\n\t<div class=\"qodef-e-inner\" >\n\t\t<div class=\"qodef-e-image\">\n\t\t\t\t\t<div class=\"qodef-e-media-image\">\n\t\t\t<a itemprop=\"url\" href=\"https:\/\/circusstudies.com\/de\/portfolio-item\/upsidedown-circus-and-space-2017\/\"\n\t\t\t\t\t\t\t>\n\t\t\t\t<img loading=\"lazy\" decoding=\"async\" width=\"1620\" height=\"1080\" src=\"https:\/\/circusstudies.com\/wp-content\/uploads\/2023\/12\/circusandspace_09-2-2.jpg\" class=\"attachment-full size-full wp-post-image\" alt=\"\u00a9 Franzi Kreis. UpSideDown. Circus and Space. Universit\u00e4t M\u00fcnster 2017\" srcset=\"https:\/\/circusstudies.com\/wp-content\/uploads\/2023\/12\/circusandspace_09-2-2.jpg 1620w, https:\/\/circusstudies.com\/wp-content\/uploads\/2023\/12\/circusandspace_09-2-2-300x200.jpg 300w, https:\/\/circusstudies.com\/wp-content\/uploads\/2023\/12\/circusandspace_09-2-2-1024x683.jpg 1024w, https:\/\/circusstudies.com\/wp-content\/uploads\/2023\/12\/circusandspace_09-2-2-768x512.jpg 768w, https:\/\/circusstudies.com\/wp-content\/uploads\/2023\/12\/circusandspace_09-2-2-1536x1024.jpg 1536w, https:\/\/circusstudies.com\/wp-content\/uploads\/2023\/12\/circusandspace_09-2-2-18x12.jpg 18w\" sizes=\"(max-width: 1620px) 100vw, 1620px\" \/>\t\t\t<\/a>\n\t\t<\/div>\n\t\t\t<\/div>\n\t\t<div class=\"qodef-e-content\" >\n\t\t\t<h4 itemprop=\"name\" class=\"qodef-e-title entry-title\" >\n\t<a itemprop=\"url\" class=\"qodef-e-title-link\" href=\"https:\/\/circusstudies.com\/de\/portfolio-item\/upsidedown-circus-and-space-2017\/\">\n\t\tUpSideDown \u2013 Circus and Space | 2017\t<\/a>\n<\/h4>\t\t\t<div class=\"qodef-e-info-category\">\n\t\t\t<a itemprop=\"url\" class=\"qodef-e-category\" href=\"https:\/\/circusstudies.com\/de\/portfolio-category\/conferences\/\">\n\t\t\tKonferenzen &amp; Panels\t\t<\/a>\n\t<\/div>\n\t\t<\/div>\n\t<\/div>\n<\/article><article class=\"qodef-e qodef-grid-item qodef-item--full post-7769 portfolio-item type-portfolio-item status-publish has-post-thumbnail hentry portfolio-category-conferences\">\n\t<div class=\"qodef-e-inner\" >\n\t\t<div class=\"qodef-e-image\">\n\t\t\t\t\t<div class=\"qodef-e-media-image\">\n\t\t\t<a itemprop=\"url\" href=\"https:\/\/circusstudies.com\/de\/portfolio-item\/semiotics-of-the-circus-2015\/\"\n\t\t\t\t\t\t\t>\n\t\t\t\t<img loading=\"lazy\" decoding=\"async\" width=\"2000\" height=\"1333\" src=\"https:\/\/circusstudies.com\/wp-content\/uploads\/2023\/12\/IMG_4669.jpg\" class=\"attachment-full size-full wp-post-image\" alt=\"\u00a9 Christian Trick. Semiotics of the Circus. Universit\u00e4t M\u00fcnster 2015\" srcset=\"https:\/\/circusstudies.com\/wp-content\/uploads\/2023\/12\/IMG_4669.jpg 2000w, https:\/\/circusstudies.com\/wp-content\/uploads\/2023\/12\/IMG_4669-300x200.jpg 300w, https:\/\/circusstudies.com\/wp-content\/uploads\/2023\/12\/IMG_4669-1024x682.jpg 1024w, https:\/\/circusstudies.com\/wp-content\/uploads\/2023\/12\/IMG_4669-768x512.jpg 768w, https:\/\/circusstudies.com\/wp-content\/uploads\/2023\/12\/IMG_4669-1536x1024.jpg 1536w, https:\/\/circusstudies.com\/wp-content\/uploads\/2023\/12\/IMG_4669-18x12.jpg 18w\" sizes=\"(max-width: 2000px) 100vw, 2000px\" \/>\t\t\t<\/a>\n\t\t<\/div>\n\t\t\t<\/div>\n\t\t<div class=\"qodef-e-content\" >\n\t\t\t<h4 itemprop=\"name\" class=\"qodef-e-title entry-title\" >\n\t<a itemprop=\"url\" class=\"qodef-e-title-link\" href=\"https:\/\/circusstudies.com\/de\/portfolio-item\/semiotics-of-the-circus-2015\/\">\n\t\tSemiotics of the Circus | 2015\t<\/a>\n<\/h4>\t\t\t<div class=\"qodef-e-info-category\">\n\t\t\t<a itemprop=\"url\" class=\"qodef-e-category\" href=\"https:\/\/circusstudies.com\/de\/portfolio-category\/conferences\/\">\n\t\t\tKonferenzen &amp; Panels\t\t<\/a>\n\t<\/div>\n\t\t<\/div>\n\t<\/div>\n<\/article><article class=\"qodef-e qodef-grid-item qodef-item--full post-8304 portfolio-item type-portfolio-item status-publish has-post-thumbnail hentry portfolio-category-academic-and-artistic-research portfolio-category-conferences portfolio-category-network-and-exchange portfolio-category-teaching-and-transfer\">\n\t<div class=\"qodef-e-inner\" >\n\t\t<div class=\"qodef-e-image\">\n\t\t\t\t\t<div class=\"qodef-e-media-image\">\n\t\t\t<a itemprop=\"url\" href=\"https:\/\/circusstudies.com\/de\/portfolio-item\/more-to-come\/\"\n\t\t\t\t\t\t\t>\n\t\t\t\t<img loading=\"lazy\" decoding=\"async\" width=\"1620\" height=\"1080\" src=\"https:\/\/circusstudies.com\/wp-content\/uploads\/2023\/12\/more-to-come.jpg\" class=\"attachment-full size-full wp-post-image\" alt=\"\" srcset=\"https:\/\/circusstudies.com\/wp-content\/uploads\/2023\/12\/more-to-come.jpg 1620w, https:\/\/circusstudies.com\/wp-content\/uploads\/2023\/12\/more-to-come-300x200.jpg 300w, https:\/\/circusstudies.com\/wp-content\/uploads\/2023\/12\/more-to-come-1024x683.jpg 1024w, https:\/\/circusstudies.com\/wp-content\/uploads\/2023\/12\/more-to-come-768x512.jpg 768w, https:\/\/circusstudies.com\/wp-content\/uploads\/2023\/12\/more-to-come-1536x1024.jpg 1536w, https:\/\/circusstudies.com\/wp-content\/uploads\/2023\/12\/more-to-come-18x12.jpg 18w\" sizes=\"(max-width: 1620px) 100vw, 1620px\" \/>\t\t\t<\/a>\n\t\t<\/div>\n\t\t\t<\/div>\n\t\t<div class=\"qodef-e-content\" >\n\t\t\t<h4 itemprop=\"name\" class=\"qodef-e-title entry-title\" >\n\t<a itemprop=\"url\" class=\"qodef-e-title-link\" href=\"https:\/\/circusstudies.com\/de\/portfolio-item\/more-to-come\/\">\n\t\tMehr dazu in K\u00fcrze\t<\/a>\n<\/h4>\t\t\t<div class=\"qodef-e-info-category\">\n\t\t\t<a itemprop=\"url\" class=\"qodef-e-category\" href=\"https:\/\/circusstudies.com\/de\/portfolio-category\/academic-and-artistic-research\/\">\n\t\t\tAkademische und k\u00fcnstlerische Forschung\t\t<\/a>\n\t\t\t<a itemprop=\"url\" class=\"qodef-e-category\" href=\"https:\/\/circusstudies.com\/de\/portfolio-category\/conferences\/\">\n\t\t\tKonferenzen &amp; Panels\t\t<\/a>\n\t\t\t<a itemprop=\"url\" class=\"qodef-e-category\" href=\"https:\/\/circusstudies.com\/de\/portfolio-category\/network-and-exchange\/\">\n\t\t\tNetzwerk und Austausch\t\t<\/a>\n\t\t\t<a itemprop=\"url\" class=\"qodef-e-category\" href=\"https:\/\/circusstudies.com\/de\/portfolio-category\/teaching-and-transfer\/\">\n\t\t\tLehre und Transfer\t\t<\/a>\n\t<\/div>\n\t\t<\/div>\n\t<\/div>\n<\/article>\t<\/div>\n\t<\/div>\t\t<\/div>\n\t\t\t\t<\/div>\n\t\t\t\t\t<\/div>\n\t\t<\/div>\n\t\t\t\t\t<\/div>\n\t\t<\/section>\n\t\t\t\t<\/div>","protected":false},"excerpt":{"rendered":"<p>Conferences and Panels To strengthen the exchange between international researchers and artists from diverse academic and artistic disciplines, Circus | Studies is fundamentally engaged in the (co-) organization of conferences. All conferences take place in collaboration with partners from circus practice, be it companies, artists, or venues. The conferences at the Universit\u00e4t M\u00fcnster, for example, [&hellip;]<\/p>","protected":false},"author":1,"featured_media":0,"parent":0,"menu_order":0,"comment_status":"closed","ping_status":"closed","template":"page-full-width.php","meta":{"footnotes":""},"class_list":["post-7753","page","type-page","status-publish","hentry"],"_links":{"self":[{"href":"https:\/\/circusstudies.com\/de\/wp-json\/wp\/v2\/pages\/7753","targetHints":{"allow":["GET"]}}],"collection":[{"href":"https:\/\/circusstudies.com\/de\/wp-json\/wp\/v2\/pages"}],"about":[{"href":"https:\/\/circusstudies.com\/de\/wp-json\/wp\/v2\/types\/page"}],"author":[{"embeddable":true,"href":"https:\/\/circusstudies.com\/de\/wp-json\/wp\/v2\/users\/1"}],"replies":[{"embeddable":true,"href":"https:\/\/circusstudies.com\/de\/wp-json\/wp\/v2\/comments?post=7753"}],"version-history":[{"count":17,"href":"https:\/\/circusstudies.com\/de\/wp-json\/wp\/v2\/pages\/7753\/revisions"}],"predecessor-version":[{"id":8548,"href":"https:\/\/circusstudies.com\/de\/wp-json\/wp\/v2\/pages\/7753\/revisions\/8548"}],"wp:attachment":[{"href":"https:\/\/circusstudies.com\/de\/wp-json\/wp\/v2\/media?parent=7753"}],"curies":[{"name":"wp","href":"https:\/\/api.w.org\/{rel}","templated":true}]}}