{"id":7455,"date":"2023-09-26T19:12:53","date_gmt":"2023-09-26T17:12:53","guid":{"rendered":"http:\/\/h593557.web308.dogado.net\/?page_id=7455"},"modified":"2024-01-17T10:00:28","modified_gmt":"2024-01-17T09:00:28","slug":"teaching-and-transfer","status":"publish","type":"page","link":"https:\/\/circusstudies.com\/de\/teaching-and-transfer\/","title":{"rendered":"Lehre &amp; Transfer"},"content":{"rendered":"<div data-elementor-type=\"wp-page\" data-elementor-id=\"7455\" class=\"elementor elementor-7455\">\n\t\t\t\t\t\t<section class=\"elementor-section elementor-top-section elementor-element elementor-element-1647f7b elementor-section-boxed elementor-section-height-default elementor-section-height-default qodef-elementor-content-no qodef-elementor-stretch-row-no qodef-elementor-overlay-no\" data-id=\"1647f7b\" data-element_type=\"section\">\n\t\t\t\t\t\t<div class=\"elementor-container elementor-column-gap-default\">\n\t\t\t\t\t<div class=\"elementor-column elementor-col-100 elementor-top-column elementor-element elementor-element-c99c99f\" data-id=\"c99c99f\" data-element_type=\"column\">\n\t\t\t<div class=\"elementor-widget-wrap elementor-element-populated\">\n\t\t\t\t\t\t<div class=\"elementor-element elementor-element-51b3acb elementor-widget elementor-widget-heading\" data-id=\"51b3acb\" data-element_type=\"widget\" data-widget_type=\"heading.default\">\n\t\t\t\t<div class=\"elementor-widget-container\">\n\t\t\t<style>\/*! elementor - v3.19.0 - 07-02-2024 *\/\n.elementor-heading-title{padding:0;margin:0;line-height:1}.elementor-widget-heading .elementor-heading-title[class*=elementor-size-]>a{color:inherit;font-size:inherit;line-height:inherit}.elementor-widget-heading .elementor-heading-title.elementor-size-small{font-size:15px}.elementor-widget-heading .elementor-heading-title.elementor-size-medium{font-size:19px}.elementor-widget-heading .elementor-heading-title.elementor-size-large{font-size:29px}.elementor-widget-heading .elementor-heading-title.elementor-size-xl{font-size:39px}.elementor-widget-heading .elementor-heading-title.elementor-size-xxl{font-size:59px}<\/style><h2 class=\"elementor-heading-title elementor-size-default\">Lehre und Transfer<\/h2>\t\t<\/div>\n\t\t\t\t<\/div>\n\t\t\t\t\t<\/div>\n\t\t<\/div>\n\t\t\t\t\t<\/div>\n\t\t<\/section>\n\t\t\t\t<section class=\"elementor-section elementor-top-section elementor-element elementor-element-63e02d1 elementor-section-boxed elementor-section-height-default elementor-section-height-default qodef-elementor-content-no qodef-elementor-stretch-row-no qodef-elementor-overlay-no\" data-id=\"63e02d1\" data-element_type=\"section\">\n\t\t\t\t\t\t<div class=\"elementor-container elementor-column-gap-default\">\n\t\t\t\t\t<div class=\"elementor-column elementor-col-100 elementor-top-column elementor-element elementor-element-953c2df\" data-id=\"953c2df\" data-element_type=\"column\">\n\t\t\t<div class=\"elementor-widget-wrap elementor-element-populated\">\n\t\t\t\t\t\t<div class=\"elementor-element elementor-element-d0086d8 elementor-widget elementor-widget-qi_addons_for_elementor_blockquote\" data-id=\"d0086d8\" data-element_type=\"widget\" data-widget_type=\"qi_addons_for_elementor_blockquote.default\">\n\t\t\t\t<div class=\"elementor-widget-container\">\n\t\t\t<div class=\"qodef-shortcode qodef-m  qodef-qi-blockquote qodef-layout--top qodef--icon-pack\">\n\t\t\t<div class=\"qodef-m-icon\">\n\t\t\t<i aria-hidden=\"true\" class=\"fas fa-quote-right\"><\/i>\t\t<\/div>\n\t\t\t\t<h6 class=\"qodef-m-text\">\n\t\t\tCircus | Studies\u2018 Ziel ist es, einen einschl\u00e4gigen Diskurs zu den Zirkusk\u00fcnsten zu etablieren. Aus diesem Grund bietet das Projekt zum einen Seminare f\u00fcr Studierende der Kultur- und Theaterwissenschaft an. Zum anderen erm\u00f6glichen \u00f6ffentliche Vortr\u00e4ge und eine starke Medienpr\u00e4senz den Austausch mit der Gesellschaft.\t\t<\/h6>\n\t<\/div>\n\t\t<\/div>\n\t\t\t\t<\/div>\n\t\t\t\t\t<\/div>\n\t\t<\/div>\n\t\t\t\t\t<\/div>\n\t\t<\/section>\n\t\t\t\t<section class=\"elementor-section elementor-top-section elementor-element elementor-element-50f34f0 qodef-elementor-content-grid elementor-section-full_width elementor-section-height-default elementor-section-height-default qodef-elementor-stretch-row-no qodef-elementor-overlay-no\" data-id=\"50f34f0\" data-element_type=\"section\">\n\t\t\t\t\t\t<div class=\"elementor-container elementor-column-gap-custom\">\n\t\t\t\t\t<div class=\"elementor-column elementor-col-100 elementor-top-column elementor-element elementor-element-1cb8d6d\" data-id=\"1cb8d6d\" data-element_type=\"column\">\n\t\t\t<div class=\"elementor-widget-wrap elementor-element-populated\">\n\t\t\t\t\t\t<div class=\"elementor-element elementor-element-0747d5c elementor-widget elementor-widget-zermatt_core_portfolio_list\" data-id=\"0747d5c\" data-element_type=\"widget\" data-widget_type=\"zermatt_core_portfolio_list.default\">\n\t\t\t\t<div class=\"elementor-widget-container\">\n\t\t\t<div class=\"qodef-shortcode qodef-m  qodef-portfolio-list   qodef-item-layout--info-minimal   qodef-grid qodef-layout--columns  qodef-gutter--normal qodef-col-num--3 qodef-item-layout--info-minimal qodef--no-bottom-space qodef-pagination--off qodef-responsive--predefined qodef-hover-animation--overlay-filter\" data-options=\"{&quot;plugin&quot;:&quot;zermatt_core&quot;,&quot;module&quot;:&quot;post-types\\\/portfolio\\\/shortcodes&quot;,&quot;shortcode&quot;:&quot;portfolio-list&quot;,&quot;post_type&quot;:&quot;portfolio-item&quot;,&quot;next_page&quot;:&quot;2&quot;,&quot;max_pages_num&quot;:0,&quot;light_skin&quot;:&quot;no&quot;,&quot;behavior&quot;:&quot;columns&quot;,&quot;images_proportion&quot;:&quot;full&quot;,&quot;columns&quot;:&quot;3&quot;,&quot;columns_responsive&quot;:&quot;predefined&quot;,&quot;space&quot;:&quot;normal&quot;,&quot;posts_per_page&quot;:&quot;-1&quot;,&quot;orderby&quot;:&quot;date&quot;,&quot;order&quot;:&quot;DESC&quot;,&quot;additional_params&quot;:&quot;tax&quot;,&quot;tax&quot;:&quot;portfolio-category&quot;,&quot;tax_slug&quot;:&quot;teaching-and-transfer&quot;,&quot;layout&quot;:&quot;info-minimal&quot;,&quot;hover_animation_info-minimal&quot;:&quot;overlay-filter&quot;,&quot;title_tag&quot;:&quot;h4&quot;,&quot;custom_padding&quot;:&quot;no&quot;,&quot;pagination_type&quot;:&quot;no-pagination&quot;,&quot;object_class_name&quot;:&quot;ZermattCorePortfolioListShortcode&quot;,&quot;taxonomy_filter&quot;:&quot;portfolio-category&quot;,&quot;additional_query_args&quot;:{&quot;tax_query&quot;:[{&quot;taxonomy&quot;:&quot;portfolio-category&quot;,&quot;field&quot;:&quot;slug&quot;,&quot;terms&quot;:&quot;teaching-and-transfer&quot;}]},&quot;space_value&quot;:15}\">\n\t\t<div class=\"qodef-grid-inner clear\">\n\t\t<article class=\"qodef-e qodef-grid-item qodef-item--full post-7825 portfolio-item type-portfolio-item status-publish has-post-thumbnail hentry portfolio-category-teaching-and-transfer\">\n\t<div class=\"qodef-e-inner\" >\n\t\t<div class=\"qodef-e-image\">\n\t\t\t\t\t<div class=\"qodef-e-media-image\">\n\t\t\t<a itemprop=\"url\" href=\"https:\/\/circusstudies.com\/de\/portfolio-item\/seminars\/\"\n\t\t\t\t\t\t\t>\n\t\t\t\t<img fetchpriority=\"high\" decoding=\"async\" width=\"1617\" height=\"1080\" src=\"https:\/\/circusstudies.com\/wp-content\/uploads\/2023\/12\/Benjamin-Leers-Benda-Film01476.jpg\" class=\"attachment-full size-full wp-post-image\" alt=\"\u00a9 Benjamin Leers: Reading Circus. Universit\u00e4t M\u00fcnster 2019\" srcset=\"https:\/\/circusstudies.com\/wp-content\/uploads\/2023\/12\/Benjamin-Leers-Benda-Film01476.jpg 1617w, https:\/\/circusstudies.com\/wp-content\/uploads\/2023\/12\/Benjamin-Leers-Benda-Film01476-300x200.jpg 300w, https:\/\/circusstudies.com\/wp-content\/uploads\/2023\/12\/Benjamin-Leers-Benda-Film01476-1024x684.jpg 1024w, https:\/\/circusstudies.com\/wp-content\/uploads\/2023\/12\/Benjamin-Leers-Benda-Film01476-768x513.jpg 768w, https:\/\/circusstudies.com\/wp-content\/uploads\/2023\/12\/Benjamin-Leers-Benda-Film01476-1536x1026.jpg 1536w, https:\/\/circusstudies.com\/wp-content\/uploads\/2023\/12\/Benjamin-Leers-Benda-Film01476-18x12.jpg 18w\" sizes=\"(max-width: 1617px) 100vw, 1617px\" \/>\t\t\t<\/a>\n\t\t<\/div>\n\t\t\t<\/div>\n\t\t<div class=\"qodef-e-content\" >\n\t\t\t<h4 itemprop=\"name\" class=\"qodef-e-title entry-title\" >\n\t<a itemprop=\"url\" class=\"qodef-e-title-link\" href=\"https:\/\/circusstudies.com\/de\/portfolio-item\/seminars\/\">\n\t\tSeminare\t<\/a>\n<\/h4>\t\t\t<div class=\"qodef-e-info-category\">\n\t\t\t<a itemprop=\"url\" class=\"qodef-e-category\" href=\"https:\/\/circusstudies.com\/de\/portfolio-category\/teaching-and-transfer\/\">\n\t\t\tLehre und Transfer\t\t<\/a>\n\t<\/div>\n\t\t<\/div>\n\t<\/div>\n<\/article><article class=\"qodef-e qodef-grid-item qodef-item--full post-7831 portfolio-item type-portfolio-item status-publish has-post-thumbnail hentry portfolio-category-teaching-and-transfer\">\n\t<div class=\"qodef-e-inner\" >\n\t\t<div class=\"qodef-e-image\">\n\t\t\t\t\t<div class=\"qodef-e-media-image\">\n\t\t\t<a itemprop=\"url\" href=\"https:\/\/circusstudies.com\/de\/portfolio-item\/presse\/\"\n\t\t\t\t\t\t\t>\n\t\t\t\t<img decoding=\"async\" width=\"1620\" height=\"1080\" src=\"https:\/\/circusstudies.com\/wp-content\/uploads\/2023\/12\/IMG_4676.jpg\" class=\"attachment-full size-full wp-post-image\" alt=\"\u00a9 Christian Trick. Semiotics of the Circus. Universit\u00e4t M\u00fcnster 2015\" srcset=\"https:\/\/circusstudies.com\/wp-content\/uploads\/2023\/12\/IMG_4676.jpg 1620w, https:\/\/circusstudies.com\/wp-content\/uploads\/2023\/12\/IMG_4676-300x200.jpg 300w, https:\/\/circusstudies.com\/wp-content\/uploads\/2023\/12\/IMG_4676-1024x683.jpg 1024w, https:\/\/circusstudies.com\/wp-content\/uploads\/2023\/12\/IMG_4676-768x512.jpg 768w, https:\/\/circusstudies.com\/wp-content\/uploads\/2023\/12\/IMG_4676-1536x1024.jpg 1536w, https:\/\/circusstudies.com\/wp-content\/uploads\/2023\/12\/IMG_4676-18x12.jpg 18w\" sizes=\"(max-width: 1620px) 100vw, 1620px\" \/>\t\t\t<\/a>\n\t\t<\/div>\n\t\t\t<\/div>\n\t\t<div class=\"qodef-e-content\" >\n\t\t\t<h4 itemprop=\"name\" class=\"qodef-e-title entry-title\" >\n\t<a itemprop=\"url\" class=\"qodef-e-title-link\" href=\"https:\/\/circusstudies.com\/de\/portfolio-item\/presse\/\">\n\t\tPresse\t<\/a>\n<\/h4>\t\t\t<div class=\"qodef-e-info-category\">\n\t\t\t<a itemprop=\"url\" class=\"qodef-e-category\" href=\"https:\/\/circusstudies.com\/de\/portfolio-category\/teaching-and-transfer\/\">\n\t\t\tLehre und Transfer\t\t<\/a>\n\t<\/div>\n\t\t<\/div>\n\t<\/div>\n<\/article><article class=\"qodef-e qodef-grid-item qodef-item--full post-7834 portfolio-item type-portfolio-item status-publish has-post-thumbnail hentry portfolio-category-teaching-and-transfer\">\n\t<div class=\"qodef-e-inner\" >\n\t\t<div class=\"qodef-e-image\">\n\t\t\t\t\t<div class=\"qodef-e-media-image\">\n\t\t\t<a itemprop=\"url\" href=\"https:\/\/circusstudies.com\/de\/portfolio-item\/public-lectures-and-workshops\/\"\n\t\t\t\t\t\t\t>\n\t\t\t\t<img decoding=\"async\" width=\"1617\" height=\"1080\" src=\"https:\/\/circusstudies.com\/wp-content\/uploads\/2023\/12\/7_Seminar_Benjamin-Leers\ufffdBenda-Film01509.jpg\" class=\"attachment-full size-full wp-post-image\" alt=\"\u00a9 Benjamin Leers\" srcset=\"https:\/\/circusstudies.com\/wp-content\/uploads\/2023\/12\/7_Seminar_Benjamin-Leers\ufffdBenda-Film01509.jpg 1617w, https:\/\/circusstudies.com\/wp-content\/uploads\/2023\/12\/7_Seminar_Benjamin-Leers\ufffdBenda-Film01509-300x200.jpg 300w, https:\/\/circusstudies.com\/wp-content\/uploads\/2023\/12\/7_Seminar_Benjamin-Leers\ufffdBenda-Film01509-1024x684.jpg 1024w, https:\/\/circusstudies.com\/wp-content\/uploads\/2023\/12\/7_Seminar_Benjamin-Leers\ufffdBenda-Film01509-768x513.jpg 768w, https:\/\/circusstudies.com\/wp-content\/uploads\/2023\/12\/7_Seminar_Benjamin-Leers\ufffdBenda-Film01509-1536x1026.jpg 1536w, https:\/\/circusstudies.com\/wp-content\/uploads\/2023\/12\/7_Seminar_Benjamin-Leers\ufffdBenda-Film01509-18x12.jpg 18w\" sizes=\"(max-width: 1617px) 100vw, 1617px\" \/>\t\t\t<\/a>\n\t\t<\/div>\n\t\t\t<\/div>\n\t\t<div class=\"qodef-e-content\" >\n\t\t\t<h4 itemprop=\"name\" class=\"qodef-e-title entry-title\" >\n\t<a itemprop=\"url\" class=\"qodef-e-title-link\" href=\"https:\/\/circusstudies.com\/de\/portfolio-item\/public-lectures-and-workshops\/\">\n\t\t\u00d6ffentliche Vortr\u00e4ge und Workshops\t<\/a>\n<\/h4>\t\t\t<div class=\"qodef-e-info-category\">\n\t\t\t<a itemprop=\"url\" class=\"qodef-e-category\" href=\"https:\/\/circusstudies.com\/de\/portfolio-category\/teaching-and-transfer\/\">\n\t\t\tLehre und Transfer\t\t<\/a>\n\t<\/div>\n\t\t<\/div>\n\t<\/div>\n<\/article><article class=\"qodef-e qodef-grid-item qodef-item--full post-7914 portfolio-item type-portfolio-item status-publish has-post-thumbnail hentry portfolio-category-teaching-and-transfer\">\n\t<div class=\"qodef-e-inner\" >\n\t\t<div class=\"qodef-e-image\">\n\t\t\t\t\t<div class=\"qodef-e-media-image\">\n\t\t\t<a itemprop=\"url\" href=\"https:\/\/circusstudies.com\/de\/portfolio-item\/documentary-film-reading-circus-dramaturgy-on-the-border-between-art-and-academia\/\"\n\t\t\t\t\t\t\t>\n\t\t\t\t<img loading=\"lazy\" decoding=\"async\" width=\"1620\" height=\"1080\" src=\"https:\/\/circusstudies.com\/wp-content\/uploads\/2023\/12\/IMG-20190618-WA0031.jpg\" class=\"attachment-full size-full wp-post-image\" alt=\"\u00a9 Elisabeth Zimmermann\" srcset=\"https:\/\/circusstudies.com\/wp-content\/uploads\/2023\/12\/IMG-20190618-WA0031.jpg 1620w, https:\/\/circusstudies.com\/wp-content\/uploads\/2023\/12\/IMG-20190618-WA0031-300x200.jpg 300w, https:\/\/circusstudies.com\/wp-content\/uploads\/2023\/12\/IMG-20190618-WA0031-1024x683.jpg 1024w, https:\/\/circusstudies.com\/wp-content\/uploads\/2023\/12\/IMG-20190618-WA0031-768x512.jpg 768w, https:\/\/circusstudies.com\/wp-content\/uploads\/2023\/12\/IMG-20190618-WA0031-1536x1024.jpg 1536w, https:\/\/circusstudies.com\/wp-content\/uploads\/2023\/12\/IMG-20190618-WA0031-18x12.jpg 18w\" sizes=\"(max-width: 1620px) 100vw, 1620px\" \/>\t\t\t<\/a>\n\t\t<\/div>\n\t\t\t<\/div>\n\t\t<div class=\"qodef-e-content\" >\n\t\t\t<h4 itemprop=\"name\" class=\"qodef-e-title entry-title\" >\n\t<a itemprop=\"url\" class=\"qodef-e-title-link\" href=\"https:\/\/circusstudies.com\/de\/portfolio-item\/documentary-film-reading-circus-dramaturgy-on-the-border-between-art-and-academia\/\">\n\t\tReading Circus | Ein Dokumentarfilm\t<\/a>\n<\/h4>\t\t\t<div class=\"qodef-e-info-category\">\n\t\t\t<a itemprop=\"url\" class=\"qodef-e-category\" href=\"https:\/\/circusstudies.com\/de\/portfolio-category\/teaching-and-transfer\/\">\n\t\t\tLehre und Transfer\t\t<\/a>\n\t<\/div>\n\t\t<\/div>\n\t<\/div>\n<\/article><article class=\"qodef-e qodef-grid-item qodef-item--full post-7842 portfolio-item type-portfolio-item status-publish has-post-thumbnail hentry portfolio-category-teaching-and-transfer\">\n\t<div class=\"qodef-e-inner\" >\n\t\t<div class=\"qodef-e-image\">\n\t\t\t\t\t<div class=\"qodef-e-media-image\">\n\t\t\t<a itemprop=\"url\" href=\"https:\/\/circusstudies.com\/de\/portfolio-item\/artbook-turning-the-cube\/\"\n\t\t\t\t\t\t\t>\n\t\t\t\t<img loading=\"lazy\" decoding=\"async\" width=\"1620\" height=\"1080\" src=\"https:\/\/circusstudies.com\/wp-content\/uploads\/2023\/12\/1200x798.jpg\" class=\"attachment-full size-full wp-post-image\" alt=\"\u00a9 Tall Tales Company\" srcset=\"https:\/\/circusstudies.com\/wp-content\/uploads\/2023\/12\/1200x798.jpg 1620w, https:\/\/circusstudies.com\/wp-content\/uploads\/2023\/12\/1200x798-300x200.jpg 300w, https:\/\/circusstudies.com\/wp-content\/uploads\/2023\/12\/1200x798-1024x683.jpg 1024w, https:\/\/circusstudies.com\/wp-content\/uploads\/2023\/12\/1200x798-768x512.jpg 768w, https:\/\/circusstudies.com\/wp-content\/uploads\/2023\/12\/1200x798-1536x1024.jpg 1536w, https:\/\/circusstudies.com\/wp-content\/uploads\/2023\/12\/1200x798-18x12.jpg 18w\" sizes=\"(max-width: 1620px) 100vw, 1620px\" \/>\t\t\t<\/a>\n\t\t<\/div>\n\t\t\t<\/div>\n\t\t<div class=\"qodef-e-content\" >\n\t\t\t<h4 itemprop=\"name\" class=\"qodef-e-title entry-title\" >\n\t<a itemprop=\"url\" class=\"qodef-e-title-link\" href=\"https:\/\/circusstudies.com\/de\/portfolio-item\/artbook-turning-the-cube\/\">\n\t\tTurning the Cube | An Artbook\t<\/a>\n<\/h4>\t\t\t<div class=\"qodef-e-info-category\">\n\t\t\t<a itemprop=\"url\" class=\"qodef-e-category\" href=\"https:\/\/circusstudies.com\/de\/portfolio-category\/teaching-and-transfer\/\">\n\t\t\tLehre und Transfer\t\t<\/a>\n\t<\/div>\n\t\t<\/div>\n\t<\/div>\n<\/article><article class=\"qodef-e qodef-grid-item qodef-item--full post-7840 portfolio-item type-portfolio-item status-publish has-post-thumbnail hentry portfolio-category-teaching-and-transfer\">\n\t<div class=\"qodef-e-inner\" >\n\t\t<div class=\"qodef-e-image\">\n\t\t\t\t\t<div class=\"qodef-e-media-image\">\n\t\t\t<a itemprop=\"url\" href=\"https:\/\/circusstudies.com\/de\/portfolio-item\/upsidedown-an-academic-graphic-novel\/\"\n\t\t\t\t\t\t\t>\n\t\t\t\t<img loading=\"lazy\" decoding=\"async\" width=\"1620\" height=\"1080\" src=\"https:\/\/circusstudies.com\/wp-content\/uploads\/2023\/12\/upsidedown-magazine.jpg\" class=\"attachment-full size-full wp-post-image\" alt=\"Buch Franzsika Trapp, Eckhard Kluth - An academic graphic novel\" srcset=\"https:\/\/circusstudies.com\/wp-content\/uploads\/2023\/12\/upsidedown-magazine.jpg 1620w, https:\/\/circusstudies.com\/wp-content\/uploads\/2023\/12\/upsidedown-magazine-300x200.jpg 300w, https:\/\/circusstudies.com\/wp-content\/uploads\/2023\/12\/upsidedown-magazine-1024x683.jpg 1024w, https:\/\/circusstudies.com\/wp-content\/uploads\/2023\/12\/upsidedown-magazine-768x512.jpg 768w, https:\/\/circusstudies.com\/wp-content\/uploads\/2023\/12\/upsidedown-magazine-1536x1024.jpg 1536w, https:\/\/circusstudies.com\/wp-content\/uploads\/2023\/12\/upsidedown-magazine-18x12.jpg 18w\" sizes=\"(max-width: 1620px) 100vw, 1620px\" \/>\t\t\t<\/a>\n\t\t<\/div>\n\t\t\t<\/div>\n\t\t<div class=\"qodef-e-content\" >\n\t\t\t<h4 itemprop=\"name\" class=\"qodef-e-title entry-title\" >\n\t<a itemprop=\"url\" class=\"qodef-e-title-link\" href=\"https:\/\/circusstudies.com\/de\/portfolio-item\/upsidedown-an-academic-graphic-novel\/\">\n\t\tUpSideDown | An Academic Graphic Novel\t<\/a>\n<\/h4>\t\t\t<div class=\"qodef-e-info-category\">\n\t\t\t<a itemprop=\"url\" class=\"qodef-e-category\" href=\"https:\/\/circusstudies.com\/de\/portfolio-category\/teaching-and-transfer\/\">\n\t\t\tLehre und Transfer\t\t<\/a>\n\t<\/div>\n\t\t<\/div>\n\t<\/div>\n<\/article><article class=\"qodef-e qodef-grid-item qodef-item--full post-7838 portfolio-item type-portfolio-item status-publish has-post-thumbnail hentry portfolio-category-teaching-and-transfer\">\n\t<div class=\"qodef-e-inner\" >\n\t\t<div class=\"qodef-e-image\">\n\t\t\t\t\t<div class=\"qodef-e-media-image\">\n\t\t\t<a itemprop=\"url\" href=\"https:\/\/circusstudies.com\/de\/portfolio-item\/upsidedown-a-traveling-exhibition\/\"\n\t\t\t\t\t\t\t>\n\t\t\t\t<img loading=\"lazy\" decoding=\"async\" width=\"1620\" height=\"1080\" src=\"https:\/\/circusstudies.com\/wp-content\/uploads\/2023\/12\/IMG_9010.jpg\" class=\"attachment-full size-full wp-post-image\" alt=\"\u00a9 Dr. Franziska Trapp. UpSideDown \u2013 A Traveling Exhibition. Universit\u00e4t M\u00fcnster 2018\" srcset=\"https:\/\/circusstudies.com\/wp-content\/uploads\/2023\/12\/IMG_9010.jpg 1620w, https:\/\/circusstudies.com\/wp-content\/uploads\/2023\/12\/IMG_9010-300x200.jpg 300w, https:\/\/circusstudies.com\/wp-content\/uploads\/2023\/12\/IMG_9010-1024x683.jpg 1024w, https:\/\/circusstudies.com\/wp-content\/uploads\/2023\/12\/IMG_9010-768x512.jpg 768w, https:\/\/circusstudies.com\/wp-content\/uploads\/2023\/12\/IMG_9010-1536x1024.jpg 1536w, https:\/\/circusstudies.com\/wp-content\/uploads\/2023\/12\/IMG_9010-18x12.jpg 18w\" sizes=\"(max-width: 1620px) 100vw, 1620px\" \/>\t\t\t<\/a>\n\t\t<\/div>\n\t\t\t<\/div>\n\t\t<div class=\"qodef-e-content\" >\n\t\t\t<h4 itemprop=\"name\" class=\"qodef-e-title entry-title\" >\n\t<a itemprop=\"url\" class=\"qodef-e-title-link\" href=\"https:\/\/circusstudies.com\/de\/portfolio-item\/upsidedown-a-traveling-exhibition\/\">\n\t\tUpSideDown | A Traveling Exhibition\t<\/a>\n<\/h4>\t\t\t<div class=\"qodef-e-info-category\">\n\t\t\t<a itemprop=\"url\" class=\"qodef-e-category\" href=\"https:\/\/circusstudies.com\/de\/portfolio-category\/teaching-and-transfer\/\">\n\t\t\tLehre und Transfer\t\t<\/a>\n\t<\/div>\n\t\t<\/div>\n\t<\/div>\n<\/article><article class=\"qodef-e qodef-grid-item qodef-item--full post-8304 portfolio-item type-portfolio-item status-publish has-post-thumbnail hentry portfolio-category-academic-and-artistic-research portfolio-category-conferences portfolio-category-network-and-exchange portfolio-category-teaching-and-transfer\">\n\t<div class=\"qodef-e-inner\" >\n\t\t<div class=\"qodef-e-image\">\n\t\t\t\t\t<div class=\"qodef-e-media-image\">\n\t\t\t<a itemprop=\"url\" href=\"https:\/\/circusstudies.com\/de\/portfolio-item\/more-to-come\/\"\n\t\t\t\t\t\t\t>\n\t\t\t\t<img loading=\"lazy\" decoding=\"async\" width=\"1620\" height=\"1080\" src=\"https:\/\/circusstudies.com\/wp-content\/uploads\/2023\/12\/more-to-come.jpg\" class=\"attachment-full size-full wp-post-image\" alt=\"\" srcset=\"https:\/\/circusstudies.com\/wp-content\/uploads\/2023\/12\/more-to-come.jpg 1620w, https:\/\/circusstudies.com\/wp-content\/uploads\/2023\/12\/more-to-come-300x200.jpg 300w, https:\/\/circusstudies.com\/wp-content\/uploads\/2023\/12\/more-to-come-1024x683.jpg 1024w, https:\/\/circusstudies.com\/wp-content\/uploads\/2023\/12\/more-to-come-768x512.jpg 768w, https:\/\/circusstudies.com\/wp-content\/uploads\/2023\/12\/more-to-come-1536x1024.jpg 1536w, https:\/\/circusstudies.com\/wp-content\/uploads\/2023\/12\/more-to-come-18x12.jpg 18w\" sizes=\"(max-width: 1620px) 100vw, 1620px\" \/>\t\t\t<\/a>\n\t\t<\/div>\n\t\t\t<\/div>\n\t\t<div class=\"qodef-e-content\" >\n\t\t\t<h4 itemprop=\"name\" class=\"qodef-e-title entry-title\" >\n\t<a itemprop=\"url\" class=\"qodef-e-title-link\" href=\"https:\/\/circusstudies.com\/de\/portfolio-item\/more-to-come\/\">\n\t\tMehr dazu in K\u00fcrze\t<\/a>\n<\/h4>\t\t\t<div class=\"qodef-e-info-category\">\n\t\t\t<a itemprop=\"url\" class=\"qodef-e-category\" href=\"https:\/\/circusstudies.com\/de\/portfolio-category\/academic-and-artistic-research\/\">\n\t\t\tAkademische und k\u00fcnstlerische Forschung\t\t<\/a>\n\t\t\t<a itemprop=\"url\" class=\"qodef-e-category\" href=\"https:\/\/circusstudies.com\/de\/portfolio-category\/conferences\/\">\n\t\t\tKonferenzen &amp; Panels\t\t<\/a>\n\t\t\t<a itemprop=\"url\" class=\"qodef-e-category\" href=\"https:\/\/circusstudies.com\/de\/portfolio-category\/network-and-exchange\/\">\n\t\t\tNetzwerk und Austausch\t\t<\/a>\n\t\t\t<a itemprop=\"url\" class=\"qodef-e-category\" href=\"https:\/\/circusstudies.com\/de\/portfolio-category\/teaching-and-transfer\/\">\n\t\t\tLehre und Transfer\t\t<\/a>\n\t<\/div>\n\t\t<\/div>\n\t<\/div>\n<\/article>\t<\/div>\n\t<\/div>\t\t<\/div>\n\t\t\t\t<\/div>\n\t\t\t\t\t<\/div>\n\t\t<\/div>\n\t\t\t\t\t<\/div>\n\t\t<\/section>\n\t\t\t\t<\/div>","protected":false},"excerpt":{"rendered":"<p>Teaching and Transfer Circus |\u00a0Studies intends to establish a pertinent discourse on circus arts while proposing seminars to students of cultural, theatre and performance studies, giving public lectures and creating a strong media presence. Seminars Teaching and Transfer Presse Teaching and Transfer Public Lectures and Workshops Teaching and Transfer Reading Circus | A Documentary Film [&hellip;]<\/p>","protected":false},"author":1,"featured_media":0,"parent":0,"menu_order":0,"comment_status":"closed","ping_status":"closed","template":"page-full-width.php","meta":{"footnotes":""},"class_list":["post-7455","page","type-page","status-publish","hentry"],"_links":{"self":[{"href":"https:\/\/circusstudies.com\/de\/wp-json\/wp\/v2\/pages\/7455","targetHints":{"allow":["GET"]}}],"collection":[{"href":"https:\/\/circusstudies.com\/de\/wp-json\/wp\/v2\/pages"}],"about":[{"href":"https:\/\/circusstudies.com\/de\/wp-json\/wp\/v2\/types\/page"}],"author":[{"embeddable":true,"href":"https:\/\/circusstudies.com\/de\/wp-json\/wp\/v2\/users\/1"}],"replies":[{"embeddable":true,"href":"https:\/\/circusstudies.com\/de\/wp-json\/wp\/v2\/comments?post=7455"}],"version-history":[{"count":38,"href":"https:\/\/circusstudies.com\/de\/wp-json\/wp\/v2\/pages\/7455\/revisions"}],"predecessor-version":[{"id":8429,"href":"https:\/\/circusstudies.com\/de\/wp-json\/wp\/v2\/pages\/7455\/revisions\/8429"}],"wp:attachment":[{"href":"https:\/\/circusstudies.com\/de\/wp-json\/wp\/v2\/media?parent=7455"}],"curies":[{"name":"wp","href":"https:\/\/api.w.org\/{rel}","templated":true}]}}